{"id":786,"date":"2025-03-25T11:04:55","date_gmt":"2025-03-25T10:04:55","guid":{"rendered":"http:\/\/livet.cpge.free.fr\/WPTSI\/?page_id=786"},"modified":"2025-03-27T09:40:36","modified_gmt":"2025-03-27T08:40:36","slug":"faq","status":"publish","type":"page","link":"https:\/\/cpge.lyceelivet.net\/WPPT\/?page_id=786","title":{"rendered":"FAQ"},"content":{"rendered":"\n<p style=\"color:#0573a3\" class=\"has-text-color\"><strong>Vous trouverez ici les r\u00e9ponses aux questions les plus fr\u00e9quentes.<\/strong><\/p>\n\n\n\n<p class=\"has-luminous-vivid-orange-color has-text-color\">1. <strong>Seuls les dossiers de la fili\u00e8re g\u00e9n\u00e9rale du lyc\u00e9e sont retenus pour la fili\u00e8re PTSI\/PT.<\/strong><\/p>\n\n\n\n<p> <strong>Vrai <\/strong><\/p>\n\n\n\n<p class=\"has-luminous-vivid-orange-color has-text-color\">2. <strong>Quelles sp\u00e9cialit\u00e9s sont recommand\u00e9es pour entrer en PTSI\/PT ?<\/strong><\/p>\n\n\n\n<p><strong>Tout profil scientifique convient pour entrer en PTSI\/PT.<\/strong><\/p>\n\n\n\n<p>En premi\u00e8re, les enseignements de sp\u00e9cialit\u00e9 \u00abmath\u00e9matiques\u00bb et \u00abphysique-chimie\u00bb sont incontournables.<\/p>\n\n\n\n<p>En\nterminale,  l\u2019enseignement de sp\u00e9cialit\u00e9 \u00abmath\u00e9matiques\u00bb est\nrecommand\u00e9 et au moins un enseignement de sp\u00e9cialit\u00e9 parmi\n\u00abphysique chimie\u00bb ou \u00absciences de l\u2019ing\u00e9nieur\u00bb ou \u00abnum\u00e9rique\net sciences informatiques\u00bb.<\/p>\n\n\n\n<p class=\"has-luminous-vivid-orange-color has-text-color\">3. <strong>Est-ce possible de faire PTSI sans avoir fait de la SI en Premi\u00e8re ou en Terminale?<\/strong><\/p>\n\n\n\n<p> <strong>Oui bien s\u00fbr<\/strong>,<strong> <\/strong>c\u2019est m\u00eame le cas d\u2019une majorit\u00e9 de nos \u00e9tudiants.<\/p>\n\n\n\n<p class=\"has-luminous-vivid-orange-color has-text-color\">4. <strong>Selon les sp\u00e9cialit\u00e9s que j\u2019ai choisies, serai-je avantag\u00e9 \/ p\u00e9nalis\u00e9 ?<\/strong><\/p>\n\n\n\n<p><strong>Non<\/strong>, car au-del\u00e0 des connaissances acquises dans chaque sp\u00e9cialit\u00e9, ce sont les comp\u00e9tences d\u2019analyse scientifique d\u00e9velopp\u00e9es qui sont importantes. Les programmes de la classe pr\u00e9paratoire tiennent compte de la vari\u00e9t\u00e9 des profils et des compl\u00e9ments de remise \u00e0 niveau sont pr\u00e9vus.<\/p>\n\n\n\n<p class=\"has-luminous-vivid-orange-color has-text-color\">5. <strong>Pourquoi choisir la fili\u00e8re PTSI\/PT ?<\/strong><\/p>\n\n\n\n<p>Vous devrez d&rsquo;abord choisir votre fili\u00e8re <strong>en fonction de vos go\u00fbts<\/strong>.<\/p>\n\n\n\n<p>En PTSI\/PT, <strong>pour devenir ing\u00e9nieur, les sciences de l&rsquo;ing\u00e9nieur deviennent aussi importantes que les math\u00e9matiques, les sciences physiques et le p\u00f4le litt\u00e9raire<\/strong>. La  PTSI\/PT est la fili\u00e8re la plus \u00e9quilibr\u00e9e.<\/p>\n\n\n\n<p> <strong>Toutes les \u00e9coles d\u2019ing\u00e9nieurs recrutent dans cette fili\u00e8re <\/strong>sauf quelques unes (les \u00e9coles de chimie, l&rsquo;ENTPE et certaines \u00e9coles militaires).  <\/p>\n\n\n\n<p>Une\nautre id\u00e9e pour guider votre choix : la strat\u00e9gie : la fili\u00e8re\nPTSI\/PT a le ratio places\/candidats le plus \u00e9lev\u00e9&nbsp;(83%).<\/p>\n\n\n\n<p class=\"has-luminous-vivid-orange-color has-text-color\">6. <strong>Pourquoi choisir la pr\u00e9pa  PTSI\/PT du lyc\u00e9e Livet&nbsp;?<\/strong><\/p>\n\n\n\n<p>Pour\nses r\u00e9sultats ;<\/p>\n\n\n\n<p>Pour son \u00e9quipe enseignante dynamique ; <\/p>\n\n\n\n<p>Pour les locaux (des salles d\u00e9di\u00e9es aux CPGE, des labos de physique, de SI&#8230;) ;<\/p>\n\n\n\n<p>Pour\nles conditions d&rsquo;accueil&nbsp;(internat sur place, possibilit\u00e9 de\nrestauration scolaire m\u00eame le soir).<\/p>\n\n\n\n<p>Enfin en pr\u00e9pa \u00e0 Livet il y a une bonne ambiance d\u2019entraide entre les \u00e9l\u00e8ves.<\/p>\n\n\n\n<p class=\"has-luminous-vivid-orange-color has-text-color\">7. <strong>Pourquoi choisir la PTSI\/PT plut\u00f4t qu\u2019une pr\u00e9pa int\u00e9gr\u00e9e dans une \u00c9cole&nbsp;?<\/strong><\/p>\n\n\n\n<p><strong>Le choix des \u00c9coles<\/strong> en sortant de PTSI\/PT <strong>est beaucoup plus \u00e9tendu<\/strong>, avec une tr\u00e8s grande vari\u00e9t\u00e9 de sp\u00e9cialit\u00e9s. Les Grandes \u00c9coles qu\u2019int\u00e8grent nos \u00e9tudiants ont une excellente r\u00e9putation, avec un important r\u00e9seau d\u2019anciens \u00e9l\u00e8ves. L\u2019insertion professionnelle est sans emb\u00fbche   (qualit\u00e9 des stages offerts, int\u00e9r\u00eat et r\u00e9mun\u00e9ration des postes pour les dipl\u00f4m\u00e9s,  suivi en cas de changement de projet professionnel&#8230;).    <\/p>\n\n\n\n<p>En int\u00e9grant une \u00c9cole Post-Bac, on se restreint d\u00e8s la terminale quant aux choix des sp\u00e9cialit\u00e9s. <strong>Contrairement aux id\u00e9es re\u00e7ues, une fois dans l\u2019\u00c9cole, le passage en ann\u00e9e sup\u00e9rieure n\u2019est pas automatique<\/strong>. Compar\u00e9 aux pourcentages d\u2019int\u00e9gration des pr\u00e9pas PTSI\/PT, le dipl\u00f4me d\u2019ing\u00e9nieur n\u2019y est pas plus accessible.  <\/p>\n\n\n\n<p class=\"has-luminous-vivid-orange-color has-text-color\">8. <strong>Comment mon dossier sur Parcoursup va-t-il \u00eatre \u00e9tudi\u00e9&nbsp;?<\/strong><\/p>\n\n\n\n<p>Sur Parcoursup, si la PTSI de Livet figure sur vos v\u0153ux, <strong>votre dossier sera examin\u00e9 par l&rsquo;\u00e9quipe enseignante et sera class\u00e9<\/strong>. Si votre classement le permet, une place vous sera propos\u00e9e via la plateforme Parcoursup. Les \u00e9l\u00e8ves ayant suivi les diff\u00e9rentes sp\u00e9cialit\u00e9s sont bien s\u00fbr jug\u00e9s de fa\u00e7on identique et \u00e9quitable.<\/p>\n\n\n\n<p><strong>Les enseignants jugent l&rsquo;int\u00e9gralit\u00e9 de votre dossier <\/strong>: notes (relativement aux moyennes de la classe), classement dans la classe, niveau de la classe. Ils pr\u00eatent une attention particuli\u00e8re aux appr\u00e9ciations.&nbsp;<\/p>\n\n\n\n<p>Ne\nvous bridez pas ! Si vous avez la motivation, n&rsquo;h\u00e9sitez pas \u00e0\ntenter votre chance.&nbsp;<\/p>\n\n\n\n<p class=\"has-luminous-vivid-orange-color has-text-color\">9. <strong>Un dossier venant du public est-il regard\u00e9 de la m\u00eame fa\u00e7on qu\u2019un dossier venant du priv\u00e9?<\/strong><\/p>\n\n\n\n<p> <strong>Oui<\/strong>, nous ne faisons aucune diff\u00e9rence de traitement.<\/p>\n\n\n\n<p class=\"has-luminous-vivid-orange-color has-text-color\">10. <strong>Y a t\u2019il beaucoup de travail en plus des heures de cours ?<\/strong><\/p>\n\n\n\n<p>Il faut consacrer, environ 2 \u00e0 3 h par jour (week end compris) en plus des cours.<\/p>\n\n\n\n<p class=\"has-luminous-vivid-orange-color has-text-color\">11. <strong>Y a t\u2019il cours le samedi ?<\/strong><\/p>\n\n\n\n<p><strong>Non<\/strong>, les cours ont lieu du lundi au vendredi soir.<\/p>\n\n\n\n<p class=\"has-luminous-vivid-orange-color has-text-color\">12. <strong>Qu\u2019appelle-t-on les \u00abcolles\u00bb ?<\/strong><\/p>\n\n\n\n<p><strong>Les heures de colles<\/strong> (ou kh\u00f4lle) sont <strong>des heures d\u2019interrogation orales par groupe de 3 \u00e9tudiants<\/strong>, qui se retrouvent devant un professeur (souvent diff\u00e9rent de celui en cours) pour valider les acquis et rem\u00e9dier aux lacunes. <strong>Elles servent de suivi individualis\u00e9 des connaissances<\/strong>.<\/p>\n\n\n\n<p class=\"has-luminous-vivid-orange-color has-text-color\">13. <strong>Quelle est la fr\u00e9quence des \u00abcolles\u00bb ?<\/strong><\/p>\n\n\n\n<p>Une par quinzaine en Maths, Physique, SI et Langues et 3 dans l\u2019ann\u00e9e en Lettres.<\/p>\n\n\n\n<p class=\"has-luminous-vivid-orange-color has-text-color\">14. <strong>Qu\u2019y-a-t-il comme devoirs surveill\u00e9s (fr\u00e9quence et dur\u00e9e) ?<\/strong><\/p>\n\n\n\n<p><strong>Un devoir de 4h est pr\u00e9vu toutes les semaines<\/strong>, et ceci \u00e0 tour de r\u00f4le dans toutes les mati\u00e8res&nbsp;: Maths, Physique, SI, Informatique, Langues ou Lettres. Les devoirs sont planifi\u00e9s d\u00e8s le d\u00e9but de l\u2019ann\u00e9e.<\/p>\n\n\n\n<p class=\"has-luminous-vivid-orange-color has-text-color\">15. <strong>Puis-je continuer \u00e0 faire du sport ou avoir une activit\u00e9 culturelle ?<\/strong><\/p>\n\n\n\n<p><strong>Oui<\/strong>. Il est recommand\u00e9 de pratiquer des activit\u00e9s sportives et culturelles afin de garder son dynamisme et de cultiver une ouverture sur le monde. <\/p>\n\n\n\n<p class=\"has-luminous-vivid-orange-color has-text-color\">16. <strong>Internat ou pas ?<\/strong><\/p>\n\n\n\n<p>Si\non est loin ou si on passe trop de temps dans les transports, il est\npr\u00e9f\u00e9rable d\u2019\u00eatre interne ou de se loger \u00e0 proximit\u00e9 du lyc\u00e9e.\nIl y a une \u00e9mulation dans le travail entre les internes et les\ninternes extern\u00e9s (\u00e9tudiants qui prennent tous leurs repas au lyc\u00e9e\nsans dormir au lyc\u00e9e).<\/p>\n\n\n\n<p class=\"has-luminous-vivid-orange-color has-text-color\">17. <strong>Si je ne suis pas interne, ce sera donc plus dur de travailler ?<\/strong><\/p>\n\n\n\n<p><strong>Non<\/strong>, car le lyc\u00e9e est ouvert tard le soir. Les \u00e9tudiants non internes peuvent toujours sortir du lyc\u00e9e et <strong>des salles de travail ouvertes jusqu\u2019\u00e0 21h sont pr\u00e9vues \u00e0 cet effet<\/strong>.<\/p>\n\n\n\n<p class=\"has-luminous-vivid-orange-color has-text-color\">18. <strong>Quelle LV2 est propos\u00e9e en PTSI\/PT au lyc\u00e9e Livet ?<\/strong><\/p>\n\n\n\n<p>Au lyc\u00e9e Livet, la LV1 anglais est renforc\u00e9e avec des cours en demi-groupes. Mais, il n\u2019y a pas d\u2019enseignement de LV2 propos\u00e9.<\/p>\n\n\n\n<p class=\"has-luminous-vivid-orange-color has-text-color\">19. <strong>Y a-t-il une ambiance \u00ab comp\u00e9tition \u00bb dans la classe ?<\/strong><\/p>\n\n\n\n<p><strong>Non<\/strong>. Les \u00e9tudiants travaillent beaucoup en groupe, ce qui cr\u00e9e une bonne coh\u00e9sion. Il y a un fort encadrement de la part des enseignants, ce qui am\u00e8ne un bonne ambiance de travail. <\/p>\n\n\n\n<p class=\"has-luminous-vivid-orange-color has-text-color\">20. <strong>Combien de filles en PTSI\/PT ?<\/strong><\/p>\n\n\n\n<p><strong>PEU<\/strong>. Les candidates sont peu nombreuses ! Entre 10 et 20 %. Mais elles r\u00e9ussissent tr\u00e8s bien. <\/p>\n\n\n\n<p class=\"has-luminous-vivid-orange-color has-text-color\">21. <strong>Quel est l\u2019effectif de la promotion ?<\/strong><\/p>\n\n\n\n<p>Environ une quarantaine d\u2019\u00e9tudiants par classe, il y a deux PTSI (premi\u00e8re ann\u00e9e), une PT et une PT* (deuxi\u00e8me ann\u00e9e).\nDe nombreuses heures se font en groupes , ce qui permet un enseignement adapt\u00e9 \u00e0 chacun.\n<\/p>\n\n\n\n<p class=\"has-luminous-vivid-orange-color has-text-color\">22. <strong>Y a-t-il des \u00e9checs ?<\/strong><\/p>\n\n\n\n<p><strong>TR\u00c8S PEU<\/strong>. A une tr\u00e8s forte majorit\u00e9, les \u00e9tudiants du lyc\u00e9e Livet int\u00e8grent une \u00e9cole d\u2019ing\u00e9nieurs. <\/p>\n\n\n\n<p class=\"has-luminous-vivid-orange-color has-text-color\">24. <strong>\nLes PTSI\/PT passent-ils les m\u00eames concours que les autres \u00e9tudiants de pr\u00e9pa ?\n<\/strong><\/p>\n\n\n\n<p><strong>Non<\/strong>. Il existe un concours d\u00e9di\u00e9 \u00e0 la Fili\u00e8re PT. Par contre, ils seront en \u00e9coles avec les autres \u00e9tudiants issus des autres fili\u00e8res scientifiques. <\/p>\n\n\n\n<p class=\"has-luminous-vivid-orange-color has-text-color\">24. <strong>\nPeut-on continuer \u00e0 l\u2019universit\u00e9 apr\u00e8s une PTSI\/PT ? \n<\/strong><\/p>\n\n\n\n<p><strong>Oui<\/strong>. Les \u00e9tudiants choisissent tr\u00e8s majoritairement de poursuivre en \u00e9cole d\u2019ing\u00e9nieurs mais il est possible de rejoindre  l\u2019Universit\u00e9. La pr\u00e9pa est habilit\u00e9e \u00e0 d\u00e9livrer des cr\u00e9dits ECTS. <\/p>\n\n\n\n<div style=\"text-align: center;\"><a href=\"https:\/\/cpge.lyceelivet.net\/WPPT\/?page_id=250\"><img loading=\"lazy\" decoding=\"async\" class=\"size-full wp-image-465 alignnone\" title=\"Pr\u00e9cedent\" src=\"https:\/\/cpge.lyceelivet.net\/WPPT\/wp-content\/uploads\/art_precedent.gif\" alt=\"\" width=\"27\" height=\"28\"><\/a><span style=\"color: #ffffff;\">____<\/span><a href=\"https:\/\/cpge.lyceelivet.net\/WPPT\/\"><img loading=\"lazy\" decoding=\"async\" class=\"size-full wp-image-467 alignnone\" title=\"Accueil\" src=\"https:\/\/cpge.lyceelivet.net\/WPPT\/wp-content\/uploads\/Petit-Logo.png\" alt=\"\" width=\"27\" height=\"27\"><\/a><span style=\"color: #ffffff;\">____<\/span><a href=\"https:\/\/cpge.lyceelivet.net\/WPPT\/?page_id=126\"><img loading=\"lazy\" decoding=\"async\" class=\"alignnone size-full wp-image-466\" title=\"Suivant\" src=\"https:\/\/cpge.lyceelivet.net\/WPPT\/wp-content\/uploads\/art_suivant.gif\" alt=\"\" width=\"28\" height=\"28\"><\/a><\/div>\n\n\n\n<p><\/p>\n","protected":false},"excerpt":{"rendered":"<p>Vous trouverez ici les r\u00e9ponses aux questions les plus fr\u00e9quentes. 1. Seuls les dossiers de la fili\u00e8re g\u00e9n\u00e9rale du lyc\u00e9e sont retenus pour la fili\u00e8re PTSI\/PT. Vrai 2. Quelles sp\u00e9cialit\u00e9s sont recommand\u00e9es pour entrer en PTSI\/PT ? Tout profil scientifique &hellip; <a href=\"https:\/\/cpge.lyceelivet.net\/WPPT\/?page_id=786\">Continuer la lecture <span class=\"meta-nav\">&rarr;<\/span><\/a><\/p>\n","protected":false},"author":1,"featured_media":0,"parent":0,"menu_order":12,"comment_status":"closed","ping_status":"closed","template":"","meta":{"footnotes":""},"class_list":["post-786","page","type-page","status-publish","hentry"],"_links":{"self":[{"href":"https:\/\/cpge.lyceelivet.net\/WPPT\/index.php?rest_route=\/wp\/v2\/pages\/786","targetHints":{"allow":["GET"]}}],"collection":[{"href":"https:\/\/cpge.lyceelivet.net\/WPPT\/index.php?rest_route=\/wp\/v2\/pages"}],"about":[{"href":"https:\/\/cpge.lyceelivet.net\/WPPT\/index.php?rest_route=\/wp\/v2\/types\/page"}],"author":[{"embeddable":true,"href":"https:\/\/cpge.lyceelivet.net\/WPPT\/index.php?rest_route=\/wp\/v2\/users\/1"}],"replies":[{"embeddable":true,"href":"https:\/\/cpge.lyceelivet.net\/WPPT\/index.php?rest_route=%2Fwp%2Fv2%2Fcomments&post=786"}],"version-history":[{"count":16,"href":"https:\/\/cpge.lyceelivet.net\/WPPT\/index.php?rest_route=\/wp\/v2\/pages\/786\/revisions"}],"predecessor-version":[{"id":1194,"href":"https:\/\/cpge.lyceelivet.net\/WPPT\/index.php?rest_route=\/wp\/v2\/pages\/786\/revisions\/1194"}],"wp:attachment":[{"href":"https:\/\/cpge.lyceelivet.net\/WPPT\/index.php?rest_route=%2Fwp%2Fv2%2Fmedia&parent=786"}],"curies":[{"name":"wp","href":"https:\/\/api.w.org\/{rel}","templated":true}]}}