{"id":536,"date":"2025-03-25T10:41:08","date_gmt":"2025-03-25T09:41:08","guid":{"rendered":"http:\/\/livet.cpge.free.fr\/WPTSI\/?page_id=536"},"modified":"2025-03-25T10:41:08","modified_gmt":"2025-03-25T09:41:08","slug":"sans-loption-si-en-pre-bac-serai-je-penalise-en-ptsi","status":"publish","type":"page","link":"https:\/\/cpge.lyceelivet.net\/WPPT\/?page_id=536","title":{"rendered":"Sp\u00e9cialit\u00e9 SI au lyc\u00e9e ?"},"content":{"rendered":"<p style=\"text-align: justify;\">En <strong>PTSI<\/strong>, il y a une majorit\u00e9 de bacheliers qui n\u2019ont jamais fait de Sciences Industrielles, mais les <strong>deux heures de soutien<\/strong> dont ils b\u00e9n\u00e9ficient leur permettent de rattraper rapidement les bacheliers ayant choisis la sp\u00e9cialit\u00e9 SI au lyc\u00e9e.<\/p>\n<p style=\"text-align: justify;\">L&rsquo;exp\u00e9rience montre qu&rsquo;apr\u00e8s quelques mois, les r\u00e9sultats des \u00e9l\u00e8ves des diff\u00e9rentes sp\u00e9cialit\u00e9s sont similaires.<\/p>\n<p><strong>La PTSI s\u2019adresse \u00e0 tout bachelier g\u00e9n\u00e9ral, s\u00e9rieux, motiv\u00e9 et travaillant r\u00e9guli\u00e8rement.<\/strong><\/p>\n<p style=\"text-align: center;\"><strong><span style=\"color: #ff6600;\"><a href=\"http:\/\/livet.cpge.free.fr\/WPTSI\/?page_id=538\">Quelles sont les \u00e9coles accessible apr\u00e8s une PTSI \/ PT<\/a><\/span><\/strong><\/p>\n<p style=\"text-align: center;\"><a href=\"http:\/\/livet.cpge.free.fr\/WPTSI\/?page_id=515\"><img loading=\"lazy\" decoding=\"async\" title=\"Retour\" src=\"http:\/\/livet.cpge.free.fr\/WPTSI\/wp-content\/uploads\/Petit-Logo.png\" alt=\"\" width=\"27\" height=\"27\" \/><\/a><\/p>\n","protected":false},"excerpt":{"rendered":"<p>En PTSI, il y a une majorit\u00e9 de bacheliers qui n\u2019ont jamais fait de Sciences Industrielles, mais les deux heures de soutien dont ils b\u00e9n\u00e9ficient leur permettent de rattraper rapidement les bacheliers ayant choisis la sp\u00e9cialit\u00e9 SI au lyc\u00e9e. L&rsquo;exp\u00e9rience &hellip; <a href=\"https:\/\/cpge.lyceelivet.net\/WPPT\/?page_id=536\">Continuer la lecture <span class=\"meta-nav\">&rarr;<\/span><\/a><\/p>\n","protected":false},"author":1,"featured_media":0,"parent":515,"menu_order":6,"comment_status":"closed","ping_status":"closed","template":"","meta":{"footnotes":""},"class_list":["post-536","page","type-page","status-publish","hentry"],"_links":{"self":[{"href":"https:\/\/cpge.lyceelivet.net\/WPPT\/index.php?rest_route=\/wp\/v2\/pages\/536","targetHints":{"allow":["GET"]}}],"collection":[{"href":"https:\/\/cpge.lyceelivet.net\/WPPT\/index.php?rest_route=\/wp\/v2\/pages"}],"about":[{"href":"https:\/\/cpge.lyceelivet.net\/WPPT\/index.php?rest_route=\/wp\/v2\/types\/page"}],"author":[{"embeddable":true,"href":"https:\/\/cpge.lyceelivet.net\/WPPT\/index.php?rest_route=\/wp\/v2\/users\/1"}],"replies":[{"embeddable":true,"href":"https:\/\/cpge.lyceelivet.net\/WPPT\/index.php?rest_route=%2Fwp%2Fv2%2Fcomments&post=536"}],"version-history":[{"count":15,"href":"https:\/\/cpge.lyceelivet.net\/WPPT\/index.php?rest_route=\/wp\/v2\/pages\/536\/revisions"}],"predecessor-version":[{"id":902,"href":"https:\/\/cpge.lyceelivet.net\/WPPT\/index.php?rest_route=\/wp\/v2\/pages\/536\/revisions\/902"}],"up":[{"embeddable":true,"href":"https:\/\/cpge.lyceelivet.net\/WPPT\/index.php?rest_route=\/wp\/v2\/pages\/515"}],"wp:attachment":[{"href":"https:\/\/cpge.lyceelivet.net\/WPPT\/index.php?rest_route=%2Fwp%2Fv2%2Fmedia&parent=536"}],"curies":[{"name":"wp","href":"https:\/\/api.w.org\/{rel}","templated":true}]}}