{"id":519,"date":"2025-03-25T10:39:27","date_gmt":"2025-03-25T09:39:27","guid":{"rendered":"http:\/\/livet.cpge.free.fr\/WPTSI\/?page_id=519"},"modified":"2025-03-25T10:39:27","modified_gmt":"2025-03-25T09:39:27","slug":"quest-ce-que-le-metier-dingenieur","status":"publish","type":"page","link":"https:\/\/cpge.lyceelivet.net\/WPPT\/?page_id=519","title":{"rendered":"Qu\u2019est ce que le m\u00e9tier d\u2019ing\u00e9nieur ?"},"content":{"rendered":"<p><a><img loading=\"lazy\" decoding=\"async\" title=\"A380\" src=\"https:\/\/cpge.lyceelivet.net\/WPPT\/wp-content\/uploads\/A380.png\" alt=\"\" width=\"484\" height=\"182\" \/><\/a><\/p>\n<p style=\"text-align: justify;\">L\u2019Europe a mis en service l\u2019avion de ligne le plus performant au monde : L\u2019AIRBUS A380. Capable de transporter 555 passagers \u00e0 plus de 15.000 Kms ou 150 tonnes de fret, il d\u00e9passe son concurrent am\u00e9ricain de plus de 30% en termes de capacit\u00e9, avec un niveau de bruit diminu\u00e9 de moiti\u00e9 et une consommation par passager diminu\u00e9 de 13%.<\/p>\n<p style=\"text-align: justify;\">La conception de ce type de syst\u00e8me technologique a n\u00e9cessit\u00e9 la coordination de <strong>15 000 <\/strong><strong>Ing\u00e9nieurs<\/strong> dans le monde durant 2 ans.<\/p>\n<p style=\"text-align: justify;\"><strong>L\u2019art des Ing\u00e9nieurs est d\u2019assurer la r\u00e9alisation de projets complexes et ambitieux, de trouver des solutions optimales \u00e0 des probl\u00e9matiques comportant de multiples contraintes puis de fabriquer ces solutions.<\/strong><\/p>\n<p style=\"text-align: justify;\">L\u2019exemple de l\u2019Airbus souligne les comp\u00e9tences attendues d\u2019un ing\u00e9nieur : une bonne dose de <strong>cr\u00e9ativit\u00e9<\/strong>, de <strong>dynamisme<\/strong>, d\u2019<strong>intelligence <\/strong>et <strong>des capacit\u00e9s \u00e0 travailler en \u00e9quipe<\/strong>, mais aussi des <strong>connaissances solides<\/strong> coupl\u00e9es \u00e0 des capacit\u00e9s \u00e0 utiliser ces connaissances sur les probl\u00e8mes rencontr\u00e9s.<\/p>\n<p style=\"text-align: center;\"><span style=\"color: #ff6600;\"><strong><a href=\"https:\/\/cpge.lyceelivet.net\/WPPT\/?page_id=525\">Comment devenir ing\u00e9nieur ?<\/a><\/strong><\/span><\/p>\n<p style=\"text-align: center;\"><a href=\"https:\/\/cpge.lyceelivet.net\/WPPT\/?page_id=515\"><img loading=\"lazy\" decoding=\"async\" title=\"Retour\" src=\"https:\/\/cpge.lyceelivet.net\/WPPT\/wp-content\/uploads\/Petit-Logo.png\" alt=\"\" width=\"27\" height=\"27\" \/><\/a><\/p>\n","protected":false},"excerpt":{"rendered":"<p>L\u2019Europe a mis en service l\u2019avion de ligne le plus performant au monde : L\u2019AIRBUS A380. Capable de transporter 555 passagers \u00e0 plus de 15.000 Kms ou 150 tonnes de fret, il d\u00e9passe son concurrent am\u00e9ricain de plus de 30% &hellip; <a href=\"https:\/\/cpge.lyceelivet.net\/WPPT\/?page_id=519\">Continuer la lecture <span class=\"meta-nav\">&rarr;<\/span><\/a><\/p>\n","protected":false},"author":1,"featured_media":0,"parent":515,"menu_order":0,"comment_status":"closed","ping_status":"open","template":"","meta":{"footnotes":""},"class_list":["post-519","page","type-page","status-publish","hentry"],"_links":{"self":[{"href":"https:\/\/cpge.lyceelivet.net\/WPPT\/index.php?rest_route=\/wp\/v2\/pages\/519","targetHints":{"allow":["GET"]}}],"collection":[{"href":"https:\/\/cpge.lyceelivet.net\/WPPT\/index.php?rest_route=\/wp\/v2\/pages"}],"about":[{"href":"https:\/\/cpge.lyceelivet.net\/WPPT\/index.php?rest_route=\/wp\/v2\/types\/page"}],"author":[{"embeddable":true,"href":"https:\/\/cpge.lyceelivet.net\/WPPT\/index.php?rest_route=\/wp\/v2\/users\/1"}],"replies":[{"embeddable":true,"href":"https:\/\/cpge.lyceelivet.net\/WPPT\/index.php?rest_route=%2Fwp%2Fv2%2Fcomments&post=519"}],"version-history":[{"count":11,"href":"https:\/\/cpge.lyceelivet.net\/WPPT\/index.php?rest_route=\/wp\/v2\/pages\/519\/revisions"}],"predecessor-version":[{"id":1126,"href":"https:\/\/cpge.lyceelivet.net\/WPPT\/index.php?rest_route=\/wp\/v2\/pages\/519\/revisions\/1126"}],"up":[{"embeddable":true,"href":"https:\/\/cpge.lyceelivet.net\/WPPT\/index.php?rest_route=\/wp\/v2\/pages\/515"}],"wp:attachment":[{"href":"https:\/\/cpge.lyceelivet.net\/WPPT\/index.php?rest_route=%2Fwp%2Fv2%2Fmedia&parent=519"}],"curies":[{"name":"wp","href":"https:\/\/api.w.org\/{rel}","templated":true}]}}