{"id":238,"date":"2025-03-25T10:54:43","date_gmt":"2025-03-25T09:54:43","guid":{"rendered":"http:\/\/livet.cpge.free.fr\/WPTSI\/?page_id=5"},"modified":"2025-11-19T22:27:58","modified_gmt":"2025-11-19T21:27:58","slug":"formation","status":"publish","type":"page","link":"https:\/\/cpge.lyceelivet.net\/WPPT\/?page_id=238","title":{"rendered":"Formation"},"content":{"rendered":"\n<p>La classe pr\u00e9paratoire PTSI-PT propose <strong>en 2 ans<\/strong> un enseignement scientifique et technique de haut niveau pour int\u00e9grer les \u00e9coles d\u2019ing\u00e9nieur apr\u00e8s un bac g\u00e9n\u00e9ral.<\/p>\n\n\n\n<p>La formation est exigeante tout en \u00e9tant accessible aux \u00e9tudiants <strong>s\u00e9rieux, motiv\u00e9s et pr\u00eats \u00e0 fournir un travail r\u00e9gulier<\/strong>.<\/p>\n\n\n\n<p>La PTSI s\u2019adresse aux bacheliers g\u00e9n\u00e9raux <strong>ayant suivi des sp\u00e9cialit\u00e9s scientifiques<\/strong>. Les candidatures se font sur la plateforme Parcoursup et sont examin\u00e9es par une commission compos\u00e9e de professeurs de classes pr\u00e9paratoires.<\/p>\n\n\n\n<p>Les propositions d\u2019admission sont communiqu\u00e9es \u00e0 partir de fin mai. Le lyc\u00e9e dispose de 90 places r\u00e9parties sur 2 classes de PTSI.<\/p>\n\n\n\n<p>En deuxi\u00e8me ann\u00e9e, deux classes de niveau (PT et PT*) permettent de cibler au mieux la pr\u00e9paration des \u00e9tudiants au concours en fonction de leur niveau et des \u00e9coles vis\u00e9es.<\/p>\n\n\n\n<p>Le lyc\u00e9e Livet dispose :<\/p>\n\n\n\n<ul class=\"wp-block-list\">\n<li><span style=\"color: #000080;\"><strong>en 1\u00e8re ann\u00e9e<\/strong><\/span>, de deux classes de PTSI (Physique &#8211; Technologie &#8211; Sciences de l&rsquo;Ing\u00e9nieur)<\/li>\n\n\n\n<li><span style=\"color: #000080;\"><strong>en 2i\u00e8me ann\u00e9e<\/strong><\/span>, de deux classes de niveau, une PT (Physique &#8211; Technologie) et PT*, <strong>unique section du grand ouest<\/strong>.<\/li>\n<\/ul>\n\n\n\n<p><strong>Horaires (cours + TD + TP)<\/strong> :<\/p>\n\n\n\n<figure class=\"wp-block-table\"><table><tbody><tr><td><span style=\"font-family: Comic Sans MS;\"><span style=\"color: #000080;\">Math\u00e9matiques<\/span><\/span><\/td><td>\n<div><span style=\"font-family: Comic Sans MS;\"><span style=\"color: #000080;\">9 h<\/span><\/span><\/div>\n<\/td><\/tr><tr><td><span style=\"font-family: Comic Sans MS;\"><span style=\"color: #000080;\">Physique-Chimie<\/span><\/span><\/td><td>\n<div><span style=\"font-family: Comic Sans MS;\"><span style=\"color: #000080;\">8 h<\/span><\/span><\/div>\n<\/td><\/tr><tr><td><span style=\"font-family: Comic Sans MS;\"><span style=\"color: #000080;\">Sciences de l&rsquo;Ing\u00e9nieur (SI)<br><\/span><\/span><\/td><td>\n<div><span style=\"font-family: Comic Sans MS;\"><span style=\"color: #000080;\">8 h30<\/span><\/span><\/div>\n<\/td><\/tr><tr><td><span style=\"font-family: Comic Sans MS;\"><span style=\"color: #000080;\">Anglais<br><\/span><\/span><\/td><td>\n<div><span style=\"font-family: Comic Sans MS;\"><span style=\"color: #000080;\">2 h <\/span><\/span><\/div>\n<\/td><\/tr><tr><td><span style=\"font-family: Comic Sans MS;\"><span style=\"color: #000080;\">Fran\u00e7ais-Philo<\/span><\/span><\/td><td><span style=\"font-family: Comic Sans MS;\"><span style=\"color: #000080;\">2 h<\/span> <\/span><\/td><\/tr><tr><td><span style=\"font-family: Comic Sans MS;\"><span style=\"color: #000080;\">TIPE<\/span><\/span><\/td><td><span style=\"font-family: Comic Sans MS;\"><span style=\"color: #000080;\">2 h<\/span> <\/span><\/td><\/tr><tr><td><span style=\"font-family: Comic Sans MS;\"><span style=\"color: #000080;\">SI Compl\u00e9mentaire (En 1\u00e8re ann\u00e9e)<br><\/span><\/span><\/td><td><span style=\"font-family: Comic Sans MS;\"><span style=\"color: #000080;\">2 h<\/span> <\/span><\/td><\/tr><tr><td><span style=\"font-family: Comic Sans MS;\"><span style=\"color: #000080;\">Informatique<\/span><\/span><\/td><td><span style=\"font-family: Comic Sans MS;\"><span style=\"color: #000080;\">2 h<\/span> <\/span><\/td><\/tr><\/tbody><\/table><\/figure>\n\n\n\n<p>\u00c0 ces heures s&rsquo;ajoutent des <span style=\"color: #000080;\"><strong>devoirs surveill\u00e9s<\/strong><\/span> et des <span style=\"color: #000080;\"><strong>interrogations orales<\/strong><\/span> par groupes de 3 permettant de faire le point r\u00e9guli\u00e8rement et de pr\u00e9parer l&rsquo;oral.<\/p>\n\n\n\n<p>La SI compl\u00e9mentaire concerne les \u00e9tudiants n&rsquo;ayant jamais fait de&nbsp;<strong>Sciences de l&rsquo;Ing\u00e9nieur<\/strong>.<\/p>\n\n\n\n<p><strong>Pour d\u00e9couvrir ce que sont les sciences de l&rsquo;ing\u00e9nieur vous pouvez vous rendre sur le site :&nbsp;<\/strong><a href=\"https:\/\/www.upsti.fr\/espace-etudiants\/les-sciences-de-l-ingenieur\" target=\"_blank\" rel=\"noreferrer noopener\">https:\/\/www.upsti.fr\/<\/a><strong>.<\/strong><\/p>\n\n\n\n<p>En fin de premi\u00e8re ann\u00e9e, les \u00e9tudiants peuvent choisir entre la fili\u00e8re PSI ou PT.<\/p>\n\n\n\n<div style=\"text-align: center;\"><a href=\"https:\/\/cpge.lyceelivet.net\/WPPT\/?page_id=515\"><img loading=\"lazy\" decoding=\"async\" class=\"size-full wp-image-465 alignnone\" title=\"Pr\u00e9cedent\" src=\"https:\/\/cpge.lyceelivet.net\/WPPT\/wp-content\/uploads\/art_precedent.gif\" alt=\"\" width=\"27\" height=\"28\"><\/a><span style=\"color: #ffffff;\">____<\/span><a href=\"https:\/\/cpge.lyceelivet.net\/WPPT\/\"><img loading=\"lazy\" decoding=\"async\" class=\"size-full wp-image-467 alignnone\" title=\"Accueil\" src=\"https:\/\/cpge.lyceelivet.net\/WPPT\/wp-content\/uploads\/Petit-Logo.png\" alt=\"\" width=\"27\" height=\"27\"><\/a><span style=\"color: #ffffff;\">____<\/span><a href=\"https:\/\/cpge.lyceelivet.net\/WPPT\/?page_id=87\"><img loading=\"lazy\" decoding=\"async\" class=\"alignnone size-full wp-image-466\" title=\"Suivant\" src=\"https:\/\/cpge.lyceelivet.net\/WPPT\/wp-content\/uploads\/art_suivant.gif\" alt=\"\" width=\"28\" height=\"28\"><\/a><\/div>\n","protected":false},"excerpt":{"rendered":"<p>La classe pr\u00e9paratoire PTSI-PT propose en 2 ans un enseignement scientifique et technique de haut niveau pour int\u00e9grer les \u00e9coles d\u2019ing\u00e9nieur apr\u00e8s un bac g\u00e9n\u00e9ral. La formation est exigeante tout en \u00e9tant accessible aux \u00e9tudiants s\u00e9rieux, motiv\u00e9s et pr\u00eats \u00e0 &hellip; <a href=\"https:\/\/cpge.lyceelivet.net\/WPPT\/?page_id=238\">Continuer la lecture <span class=\"meta-nav\">&rarr;<\/span><\/a><\/p>\n","protected":false},"author":1,"featured_media":0,"parent":0,"menu_order":2,"comment_status":"closed","ping_status":"closed","template":"","meta":{"footnotes":""},"class_list":["post-238","page","type-page","status-publish","hentry"],"_links":{"self":[{"href":"https:\/\/cpge.lyceelivet.net\/WPPT\/index.php?rest_route=\/wp\/v2\/pages\/238","targetHints":{"allow":["GET"]}}],"collection":[{"href":"https:\/\/cpge.lyceelivet.net\/WPPT\/index.php?rest_route=\/wp\/v2\/pages"}],"about":[{"href":"https:\/\/cpge.lyceelivet.net\/WPPT\/index.php?rest_route=\/wp\/v2\/types\/page"}],"author":[{"embeddable":true,"href":"https:\/\/cpge.lyceelivet.net\/WPPT\/index.php?rest_route=\/wp\/v2\/users\/1"}],"replies":[{"embeddable":true,"href":"https:\/\/cpge.lyceelivet.net\/WPPT\/index.php?rest_route=%2Fwp%2Fv2%2Fcomments&post=238"}],"version-history":[{"count":30,"href":"https:\/\/cpge.lyceelivet.net\/WPPT\/index.php?rest_route=\/wp\/v2\/pages\/238\/revisions"}],"predecessor-version":[{"id":1254,"href":"https:\/\/cpge.lyceelivet.net\/WPPT\/index.php?rest_route=\/wp\/v2\/pages\/238\/revisions\/1254"}],"wp:attachment":[{"href":"https:\/\/cpge.lyceelivet.net\/WPPT\/index.php?rest_route=%2Fwp%2Fv2%2Fmedia&parent=238"}],"curies":[{"name":"wp","href":"https:\/\/api.w.org\/{rel}","templated":true}]}}