{"id":97,"date":"2025-03-25T12:41:18","date_gmt":"2025-03-25T11:41:18","guid":{"rendered":"http:\/\/livet.cpge.free.fr\/WATS\/?page_id=97"},"modified":"2026-03-05T11:53:16","modified_gmt":"2026-03-05T10:53:16","slug":"postuler","status":"publish","type":"page","link":"https:\/\/cpge.lyceelivet.net\/WPATS\/?page_id=97","title":{"rendered":"Postuler"},"content":{"rendered":"<p><span style=\"color: #ff6600;\"><strong><span style=\"color: #ff6600;\">Comment <\/span><span style=\"color: #ff6600;\">\u00eatre candidat au Lyc\u00e9e Livet ?<\/span><\/strong><\/span><\/p>\n<ul>\n<li style=\"text-align: justify;\">Le dossier de candidature <span style=\"color: #000080;\"><span style=\"color: #000000;\">est <\/span><strong>disponible aupr\u00e8s du secr\u00e9tariat du lyc\u00e9e Livet. <\/strong><\/span><\/li>\n<li style=\"text-align: justify;\">Les dossiers de candidatures sont <span style=\"color: #000080;\"><strong>examin\u00e9s <\/strong><\/span>par <strong><span style=\"color: #000080;\">une<\/span> <span style=\"color: #000080;\">commission compos\u00e9e de professeurs de classes pr\u00e9paratoires<\/span><\/strong> aux grandes \u00e9coles et pr\u00e9sid\u00e9e par le chef d&rsquo;\u00e9tablissement.<\/li>\n<li style=\"text-align: justify;\">Le lyc\u00e9e vous informe des <span style=\"color: #000080;\"><strong>r\u00e9sultats <\/strong><\/span>au mois de <span style=\"color: #000080;\"><strong>juin<\/strong><\/span>.<\/li>\n<li>L&rsquo;admission n&rsquo;est d\u00e9finitive qu&rsquo;apr\u00e8s obtention du BTS du DUT ou d&rsquo;un BUT2.<\/li>\n<\/ul>\n<p><span style=\"color: #ff6600;\"><strong><span style=\"color: #ff6600;\">Proc\u00e9dure de recrutement<\/span><\/strong><\/span><\/p>\n<ul>\n<li style=\"text-align: justify;\">L&rsquo;admission se fait sur dossier.<\/li>\n<li style=\"text-align: justify;\">Sur le m\u00eame dossier, 3 v\u0153ux sont possibles (3 lyc\u00e9es avec ATS).<\/li>\n<li style=\"text-align: justify;\">Vous adressez votre dossier<strong> avant le 22 mai 2026 <\/strong>au lyc\u00e9e plac\u00e9 en v\u0153u n\u00b01.<\/li>\n<li style=\"text-align: justify;\">Le lyc\u00e9e examine votre dossier et vous informe des <span style=\"color: #000080;\"><strong>r\u00e9sultats <\/strong><\/span>d\u00e9but\u00a0<span style=\"color: #000080;\"><strong>juin<\/strong><\/span>.<\/li>\n<li>Si votre dossier est refus\u00e9 ou en attente, <strong>il est envoy\u00e9 au lyc\u00e9e v\u0153u n\u00b02<\/strong> et la proc\u00e9dure se r\u00e9p\u00e8te.<\/li>\n<li>L&rsquo;accueil et l&rsquo;inscription ont lieu fin juin &#8211; d\u00e9but juillet au lyc\u00e9e.<\/li>\n<\/ul>\n<p><span style=\"font-weight: bold;\">T\u00e9l\u00e9chargement du dossier : <\/span><a href=\"https:\/\/livet.paysdelaloire.e-lyco.fr\/wp-content\/uploads\/sites\/40\/2026\/03\/dossier_candidature_ATS_2026.pdf\">dossier 2026<\/a><\/p>\n<p><span style=\"font-weight: bold;\">Renseignements compl\u00e9mentaires :<br \/>\n<a style=\"font-size: inherit;\" href=\"mailto:ce.0440029t@ac-nantes.fr\">Mme MEIGNEN<\/a><span style=\"font-size: inherit;\"> 02 51 81 23 02<\/span><br \/>\n<\/span><\/p>\n<div>\n<p style=\"text-align: center;\"><a href=\"https:\/\/cpge.lyceelivet.net\/WPATS\/?page_id=106\"><img loading=\"lazy\" decoding=\"async\" class=\"alignnone size-full wp-image-455\" title=\"Pr\u00e9cedent\" src=\"https:\/\/cpge.lyceelivet.net\/WPATS\/wp-content\/uploads\/art_precedent.gif\" alt=\"\" width=\"27\" height=\"28\" \/><\/a><span style=\"color: #ffffff;\">&#8212;&#8211;<\/span><a href=\"https:\/\/cpge.lyceelivet.net\/WPATS\/\"><img loading=\"lazy\" decoding=\"async\" class=\"alignnone wp-image-457 size-full\" title=\"Accueil\" src=\"https:\/\/cpge.lyceelivet.net\/WPATS\/wp-content\/uploads\/Petit-Logo.png\" alt=\"\" width=\"27\" height=\"27\" \/><\/a><span style=\"color: #ffffff;\">&#8212;&#8211;<\/span><a href=\"https:\/\/cpge.lyceelivet.net\/WPATS\/?page_id=137\"><img loading=\"lazy\" decoding=\"async\" class=\"alignnone size-full wp-image-454\" title=\"Suivant\" src=\"https:\/\/cpge.lyceelivet.net\/WPATS\/wp-content\/uploads\/art_suivant.gif\" alt=\"\" width=\"28\" height=\"28\" \/><\/a><\/p>\n<\/div>\n","protected":false},"excerpt":{"rendered":"<p>Comment \u00eatre candidat au Lyc\u00e9e Livet ? Le dossier de candidature est disponible aupr\u00e8s du secr\u00e9tariat du lyc\u00e9e Livet. Les dossiers de candidatures sont examin\u00e9s par une commission compos\u00e9e de professeurs de classes pr\u00e9paratoires aux grandes \u00e9coles et pr\u00e9sid\u00e9e par &hellip; <a href=\"https:\/\/cpge.lyceelivet.net\/WPATS\/?page_id=97\">Continuer la lecture <span class=\"meta-nav\">&rarr;<\/span><\/a><\/p>\n","protected":false},"author":1,"featured_media":0,"parent":0,"menu_order":7,"comment_status":"closed","ping_status":"open","template":"","meta":{"footnotes":""},"class_list":["post-97","page","type-page","status-publish","hentry"],"_links":{"self":[{"href":"https:\/\/cpge.lyceelivet.net\/WPATS\/index.php?rest_route=\/wp\/v2\/pages\/97","targetHints":{"allow":["GET"]}}],"collection":[{"href":"https:\/\/cpge.lyceelivet.net\/WPATS\/index.php?rest_route=\/wp\/v2\/pages"}],"about":[{"href":"https:\/\/cpge.lyceelivet.net\/WPATS\/index.php?rest_route=\/wp\/v2\/types\/page"}],"author":[{"embeddable":true,"href":"https:\/\/cpge.lyceelivet.net\/WPATS\/index.php?rest_route=\/wp\/v2\/users\/1"}],"replies":[{"embeddable":true,"href":"https:\/\/cpge.lyceelivet.net\/WPATS\/index.php?rest_route=%2Fwp%2Fv2%2Fcomments&post=97"}],"version-history":[{"count":28,"href":"https:\/\/cpge.lyceelivet.net\/WPATS\/index.php?rest_route=\/wp\/v2\/pages\/97\/revisions"}],"predecessor-version":[{"id":1341,"href":"https:\/\/cpge.lyceelivet.net\/WPATS\/index.php?rest_route=\/wp\/v2\/pages\/97\/revisions\/1341"}],"wp:attachment":[{"href":"https:\/\/cpge.lyceelivet.net\/WPATS\/index.php?rest_route=%2Fwp%2Fv2%2Fmedia&parent=97"}],"curies":[{"name":"wp","href":"https:\/\/api.w.org\/{rel}","templated":true}]}}