{"id":87,"date":"2025-03-25T12:35:49","date_gmt":"2025-03-25T11:35:49","guid":{"rendered":"http:\/\/livet.cpge.free.fr\/WATS\/?page_id=87"},"modified":"2025-03-27T15:24:22","modified_gmt":"2025-03-27T14:24:22","slug":"debouches","status":"publish","type":"page","link":"https:\/\/cpge.lyceelivet.net\/WPATS\/?page_id=87","title":{"rendered":"D\u00e9bouch\u00e9s"},"content":{"rendered":"<p><span style=\"color: #ff9900;\"><strong><span style=\"color: #ff6600;\">O\u00f9 e<\/span><span style=\"color: #ff6600;\">ntre-t-on apr\u00e8s une ATS ?<\/span><\/strong><\/span><\/p>\n<p style=\"text-align: justify;\">L&rsquo;ATS permet d&rsquo;acc\u00e9der \u00e0 de nombreuses \u00e9coles d&rsquo;ing\u00e9nieurs adapt\u00e9es aux profils et v\u0153ux des diff\u00e9rents candidats.<\/p>\n<ul>\n<li style=\"text-align: justify;\"><span style=\"color: #0000ff;\"><strong><span style=\"color: #000080;\">Le <\/span><span style=\"color: #000080;\">concours ATS<\/span><\/strong> <\/span>(r\u00e9serv\u00e9 aux \u00e9tudiants d&rsquo;ATS) offre plus de <strong>300 places dans 40 \u00e9coles<\/strong> : Centrale (Nantes, Lille, Marseille), Arts et M\u00e9tiers ParisTech, Mines (Paris, Al\u00e8s, Douai), ENS Rennes, ENSEA, Supm\u00e9ca, R\u00e9seau Polytech, ISAE-ENSMA, ESTP, Telecom Sud Paris, ISAT\u2026<\/li>\n<li style=\"text-align: justify;\">Quelques \u00e9coles recrutent<span style=\"color: #000080;\"> sur<strong> <span style=\"color: #000080;\">concours autre<\/span><\/strong><\/span> : ENS Paris Saclay, CESI, ITII, ICNA\u2026<\/li>\n<li style=\"text-align: justify;\">De nombreuses \u00e9coles recrutent <strong><span style=\"color: #000080;\">sur <\/span><span style=\"color: #000080;\">dossier et entretien \u00e9ventuel<\/span><\/strong> : INSA, UTC, UTBM, UTT, ESEO, ENSMM, ENI.\u2026<\/li>\n<\/ul>\n<p><strong>L\u2019ann\u00e9e d\u2019ATS donne des atouts suppl\u00e9mentaires pour<\/strong><br \/>\n<strong>int\u00e9grer une \u00e9cole d\u2019ing\u00e9nieurs.<\/strong><\/p>\n<p><span style=\"color: #ff6600;\"><strong><span style=\"color: #ff6600;\">Le <\/span><span style=\"color: #ff6600;\">concours ATS<\/span><\/strong><\/span><\/p>\n<p style=\"text-align: justify;\">Le concours est organis\u00e9 sur 3 jours d&rsquo;\u00e9crit en mai puis 2 jours d&rsquo;oraux en juin. Il est g\u00e9r\u00e9 par l&rsquo;ENSEA.<br \/>\nLa liste compl\u00e8te des \u00e9coles du concours ATS est disponible sur le <a href=\"http:\/\/concours.ensea.fr\/portail\/ats.html\" target=\"_blank\" rel=\"noopener noreferrer\">site du concours ATS<\/a>.<\/p>\n<p><strong><span style=\"color: #000000;\">Le concours ATS 2024<\/span><\/strong><strong><span style=\"color: #000000;\">\u00a0:<\/span><\/strong><\/p>\n<ul>\n<li><strong>446 <\/strong>places propos\u00e9es<\/li>\n<li>563 candidats pr\u00e9sents \u00e0 l\u2019\u00e9crit<\/li>\n<li>477 admissibles<\/li>\n<li>462 admissibles \u00e0 l\u2019oral commun<\/li>\n<li>300 pr\u00e9sents \u00e0 l\u2019oral commun<\/li>\n<li><strong>220 <\/strong>(*) candidats int\u00e9gr\u00e9s<\/li>\n<\/ul>\n<p>(*) De nombreux candidats choisissent des<strong> \u00e9coles sur dossier<\/strong>.<\/p>\n<p>Toutes les donn\u00e9es sur le <a href=\"https:\/\/concours.ensea.fr\/pdfs\/ats\/annales\/2024\/Rapport_Jury_ATS_2024.pdf\" target=\"_blank\" rel=\"noopener noreferrer\">rapport de jury 2024<\/a>.<\/p>\n<div>\n<p style=\"text-align: center;\"><a href=\"https:\/\/cpge.lyceelivet.net\/WPATS\/?page_id=5\"><img loading=\"lazy\" decoding=\"async\" class=\"alignnone size-full wp-image-455\" title=\"Pr\u00e9cedent\" src=\"https:\/\/cpge.lyceelivet.net\/WPATS\/wp-content\/uploads\/art_precedent.gif\" alt=\"\" width=\"27\" height=\"28\" \/><\/a><span style=\"color: #ffffff;\">&#8212;&#8211;<\/span><a href=\"https:\/\/cpge.lyceelivet.net\/WPATS\/\"><img loading=\"lazy\" decoding=\"async\" class=\"alignnone wp-image-457 size-full\" title=\"Accueil\" src=\"https:\/\/cpge.lyceelivet.net\/WPATS\/wp-content\/uploads\/Petit-Logo.png\" alt=\"\" width=\"27\" height=\"27\" \/><\/a><span style=\"color: #ffffff;\">&#8212;&#8211;<\/span><a href=\"https:\/\/cpge.lyceelivet.net\/WPATS\/?page_id=28\"><img loading=\"lazy\" decoding=\"async\" class=\"alignnone size-full wp-image-454\" title=\"Suivant\" src=\"https:\/\/cpge.lyceelivet.net\/WPATS\/wp-content\/uploads\/art_suivant.gif\" alt=\"\" width=\"28\" height=\"28\" \/><\/a><\/p>\n<\/div>\n","protected":false},"excerpt":{"rendered":"<p>O\u00f9 entre-t-on apr\u00e8s une ATS ? L&rsquo;ATS permet d&rsquo;acc\u00e9der \u00e0 de nombreuses \u00e9coles d&rsquo;ing\u00e9nieurs adapt\u00e9es aux profils et v\u0153ux des diff\u00e9rents candidats. Le concours ATS (r\u00e9serv\u00e9 aux \u00e9tudiants d&rsquo;ATS) offre plus de 300 places dans 40 \u00e9coles : Centrale (Nantes, &hellip; <a href=\"https:\/\/cpge.lyceelivet.net\/WPATS\/?page_id=87\">Continuer la lecture <span class=\"meta-nav\">&rarr;<\/span><\/a><\/p>\n","protected":false},"author":1,"featured_media":0,"parent":0,"menu_order":3,"comment_status":"closed","ping_status":"open","template":"","meta":{"footnotes":""},"class_list":["post-87","page","type-page","status-publish","hentry"],"_links":{"self":[{"href":"https:\/\/cpge.lyceelivet.net\/WPATS\/index.php?rest_route=\/wp\/v2\/pages\/87","targetHints":{"allow":["GET"]}}],"collection":[{"href":"https:\/\/cpge.lyceelivet.net\/WPATS\/index.php?rest_route=\/wp\/v2\/pages"}],"about":[{"href":"https:\/\/cpge.lyceelivet.net\/WPATS\/index.php?rest_route=\/wp\/v2\/types\/page"}],"author":[{"embeddable":true,"href":"https:\/\/cpge.lyceelivet.net\/WPATS\/index.php?rest_route=\/wp\/v2\/users\/1"}],"replies":[{"embeddable":true,"href":"https:\/\/cpge.lyceelivet.net\/WPATS\/index.php?rest_route=%2Fwp%2Fv2%2Fcomments&post=87"}],"version-history":[{"count":61,"href":"https:\/\/cpge.lyceelivet.net\/WPATS\/index.php?rest_route=\/wp\/v2\/pages\/87\/revisions"}],"predecessor-version":[{"id":1313,"href":"https:\/\/cpge.lyceelivet.net\/WPATS\/index.php?rest_route=\/wp\/v2\/pages\/87\/revisions\/1313"}],"wp:attachment":[{"href":"https:\/\/cpge.lyceelivet.net\/WPATS\/index.php?rest_route=%2Fwp%2Fv2%2Fmedia&parent=87"}],"curies":[{"name":"wp","href":"https:\/\/api.w.org\/{rel}","templated":true}]}}