{"id":5,"date":"2025-03-25T12:34:46","date_gmt":"2025-03-25T11:34:46","guid":{"rendered":"http:\/\/livet.cpge.free.fr\/WATS\/?page_id=5"},"modified":"2025-03-27T15:22:05","modified_gmt":"2025-03-27T14:22:05","slug":"formation","status":"publish","type":"page","link":"https:\/\/cpge.lyceelivet.net\/WPATS\/?page_id=5","title":{"rendered":"Formation"},"content":{"rendered":"<p>La classe pr\u00e9paratoire ATS s\u2019adresse \u00e0 tout \u00e9tudiant titulaire d\u2019un BUT2 ou BUT3 ou d\u2019un BTS industriel d\u00e9sirant poursuivre ses \u00e9tudes en \u00e9cole d\u2019ing\u00e9nieurs avec les meilleures chances de r\u00e9ussite.<\/p>\n<p>Exemples de BTS et BUT accept\u00e9s :<\/p>\n<ul>\n<li>BTS CIM, ET, CIEL, CPI, CRSA \u2026<\/li>\n<li>BUT MP, GEII, SGM, GMP, \u2026<\/li>\n<\/ul>\n<p>La classe d\u2019ATS n\u2019est pas r\u00e9serv\u00e9e aux majors de promotion, elle est accessible \u00e0 tout \u00e9tudiant<strong> s\u00e9rieux, motiv\u00e9 et pr\u00eat \u00e0 fournir un travail r\u00e9gulier<\/strong>.<\/p>\n<p>La s\u00e9lection est faite sur dossier. Le dossier de candidature est disponible aupr\u00e8s du secr\u00e9tariat du lyc\u00e9e Livet et doit \u00eatre transmis au lyc\u00e9e autour du 20 mai.<\/p>\n<p>La pr\u00e9paration se fait sur <strong>une ann\u00e9e scolaire<\/strong>.<\/p>\n<ul>\n<li>L&rsquo;enseignement est plus th\u00e9orique qu&rsquo;en STS ou IUT car il est destin\u00e9 \u00e0 donner les bases n\u00e9cessaires \u00e0 la poursuite d&rsquo;\u00e9tudes en \u00e9cole d&rsquo;ing\u00e9nieurs.<\/li>\n<li>L&rsquo;enseignement est plus diversifi\u00e9 et ouvert \u00e0 de nouveaux domaines.<\/li>\n<li>Les sciences de l&rsquo;ing\u00e9nieur sont articul\u00e9es autour du g\u00e9nie \u00e9lectrique, du g\u00e9nie m\u00e9canique et de l&rsquo;informatique (Python), indispensables \u00e0 toute culture industrielle.<\/li>\n<li>L&rsquo;effectif de classe est limit\u00e9, <strong>les enseignants sont disponibles<\/strong> pour permettre \u00e0 chacun de profiter au mieux de cette ann\u00e9e.<\/li>\n<\/ul>\n<p><strong>horaires (cours + TD + TP)<\/strong> :<\/p>\n<div>\n<table style=\"height: 165px;\" border=\"0\">\n<tbody>\n<tr>\n<td width=\"78%\"><span style=\"font-family: Comic Sans MS;\"><span style=\"color: #000080;\">Math\u00e9matiques<\/span><\/span><\/td>\n<td width=\"22%\">\n<div><span style=\"font-family: Comic Sans MS;\"><span style=\"color: #000080;\">10 h<\/span><\/span><\/div>\n<\/td>\n<\/tr>\n<tr>\n<td width=\"78%\"><span style=\"font-family: Comic Sans MS;\"><span style=\"color: #000080;\">Physique<\/span><\/span><\/td>\n<td width=\"22%\">\n<div><span style=\"font-family: Comic Sans MS;\"><span style=\"color: #000080;\">10 h<\/span><\/span><\/div>\n<\/td>\n<\/tr>\n<tr>\n<td width=\"78%\"><span style=\"font-family: Comic Sans MS;\"><span style=\"color: #000080;\">Sciences de l&rsquo;Ing\u00e9nieur<\/span><\/span><\/td>\n<td width=\"22%\">\n<div><span style=\"font-family: Comic Sans MS;\"><span style=\"color: #000080;\">7\u00a0h <\/span><\/span><\/div>\n<\/td>\n<\/tr>\n<tr>\n<td width=\"78%\"><span style=\"font-family: Comic Sans MS;\"><span style=\"color: #000080;\">Anglais<\/span><\/span><\/td>\n<td width=\"22%\">\n<div><span style=\"font-family: Comic Sans MS;\"><span style=\"color: #000080;\">3 h <\/span><\/span><\/div>\n<\/td>\n<\/tr>\n<tr>\n<td width=\"78%\" height=\"28\"><span style=\"font-family: Comic Sans MS;\"><span style=\"color: #000080;\">Fran\u00e7ais-Philo<\/span><\/span><\/td>\n<td width=\"22%\" height=\"28\"><span style=\"font-family: Comic Sans MS;\"><span style=\"color: #000080;\">3 h<\/span> <\/span><\/td>\n<\/tr>\n<\/tbody>\n<\/table>\n<p>\u00c0 ces heures s&rsquo;ajoutent de l&rsquo;informatique (Scilab, 1h par semaine), des devoirs surveill\u00e9s et des interrogations orales par groupes de 3 permettant de faire le point r\u00e9guli\u00e8rement et de pr\u00e9parer l&rsquo;oral.<\/p>\n<p><span style=\"color: #000000;\"><strong>Programmes officiels des disciplines scientifiques :<\/strong><\/span><\/p>\n<ul>\n<li><a href=\"https:\/\/cpge.lyceelivet.net\/WPATS\/wp-content\/uploads\/BO_24_MEN_11-6-2015_434995_math.pdf\" target=\"_blank\" rel=\"noopener\">Math\u00e9matiques<\/a><\/li>\n<li><a href=\"https:\/\/cpge.lyceelivet.net\/WPATS\/wp-content\/uploads\/BO-ATS-physique-11-juin-2015.pdf\" target=\"_blank\" rel=\"noopener\">Physique<\/a><\/li>\n<li><a href=\"https:\/\/cpge.lyceelivet.net\/WPATS\/wp-content\/uploads\/BO_MEN_15_06_2015_6091-annexe-4_433711.pdf\" target=\"_blank\" rel=\"noopener\">Sciences industrielles pour l&rsquo;ing\u00e9nieur<\/a><\/li>\n<\/ul>\n<p style=\"text-align: center;\"><a href=\"https:\/\/cpge.lyceelivet.net\/WPATS\/?page_id=8\"><img loading=\"lazy\" decoding=\"async\" class=\"alignnone size-full wp-image-455\" title=\"Pr\u00e9cedent\" src=\"https:\/\/cpge.lyceelivet.net\/WPATS\/wp-content\/uploads\/art_precedent.gif\" alt=\"\" width=\"27\" height=\"28\" \/><\/a><span style=\"color: #ffffff;\">&#8212;&#8211;<\/span> <a href=\"https:\/\/cpge.lyceelivet.net\/WPATS\/\"><img loading=\"lazy\" decoding=\"async\" class=\"alignnone wp-image-457 size-full\" title=\"Accueil\" src=\"https:\/\/cpge.lyceelivet.net\/WPATS\/wp-content\/uploads\/Petit-Logo.png\" alt=\"\" width=\"27\" height=\"27\" \/><\/a><span style=\"color: #ffffff;\">&#8212;&#8211;<\/span><a href=\"https:\/\/cpge.lyceelivet.net\/WPATS\/?page_id=87\"><img loading=\"lazy\" decoding=\"async\" class=\"alignnone size-full wp-image-454\" title=\"Suivant\" src=\"https:\/\/cpge.lyceelivet.net\/WPATS\/wp-content\/uploads\/art_suivant.gif\" alt=\"\" width=\"28\" height=\"28\" \/><\/a><\/p>\n<\/div>\n\n\n<p><\/p>\n","protected":false},"excerpt":{"rendered":"<p>La classe pr\u00e9paratoire ATS s\u2019adresse \u00e0 tout \u00e9tudiant titulaire d\u2019un BUT2 ou BUT3 ou d\u2019un BTS industriel d\u00e9sirant poursuivre ses \u00e9tudes en \u00e9cole d\u2019ing\u00e9nieurs avec les meilleures chances de r\u00e9ussite. Exemples de BTS et BUT accept\u00e9s : BTS CIM, ET, &hellip; <a href=\"https:\/\/cpge.lyceelivet.net\/WPATS\/?page_id=5\">Continuer la lecture <span class=\"meta-nav\">&rarr;<\/span><\/a><\/p>\n","protected":false},"author":1,"featured_media":0,"parent":0,"menu_order":2,"comment_status":"closed","ping_status":"closed","template":"","meta":{"footnotes":""},"class_list":["post-5","page","type-page","status-publish","hentry"],"_links":{"self":[{"href":"https:\/\/cpge.lyceelivet.net\/WPATS\/index.php?rest_route=\/wp\/v2\/pages\/5","targetHints":{"allow":["GET"]}}],"collection":[{"href":"https:\/\/cpge.lyceelivet.net\/WPATS\/index.php?rest_route=\/wp\/v2\/pages"}],"about":[{"href":"https:\/\/cpge.lyceelivet.net\/WPATS\/index.php?rest_route=\/wp\/v2\/types\/page"}],"author":[{"embeddable":true,"href":"https:\/\/cpge.lyceelivet.net\/WPATS\/index.php?rest_route=\/wp\/v2\/users\/1"}],"replies":[{"embeddable":true,"href":"https:\/\/cpge.lyceelivet.net\/WPATS\/index.php?rest_route=%2Fwp%2Fv2%2Fcomments&post=5"}],"version-history":[{"count":40,"href":"https:\/\/cpge.lyceelivet.net\/WPATS\/index.php?rest_route=\/wp\/v2\/pages\/5\/revisions"}],"predecessor-version":[{"id":1310,"href":"https:\/\/cpge.lyceelivet.net\/WPATS\/index.php?rest_route=\/wp\/v2\/pages\/5\/revisions\/1310"}],"wp:attachment":[{"href":"https:\/\/cpge.lyceelivet.net\/WPATS\/index.php?rest_route=%2Fwp%2Fv2%2Fmedia&parent=5"}],"curies":[{"name":"wp","href":"https:\/\/api.w.org\/{rel}","templated":true}]}}