{"id":250,"date":"2025-03-25T12:44:01","date_gmt":"2025-03-25T11:44:01","guid":{"rendered":"http:\/\/livet.cpge.free.fr\/WATS\/?page_id=250"},"modified":"2025-03-25T12:44:01","modified_gmt":"2025-03-25T11:44:01","slug":"articles-de-presse","status":"publish","type":"page","link":"https:\/\/cpge.lyceelivet.net\/WPATS\/?page_id=250","title":{"rendered":"Presse"},"content":{"rendered":"<ul>\n<li style=\"list-style-type: none;\">&nbsp;<\/li>\n<li><a href=\"https:\/\/www.letudiant.fr\/etudes\/classes-prepa\/prepa-ats-un-bon-tremplin-pour-bts-et-dut-qui-visent-une-ecole-d-ingenieurs.html\" target=\"_blank\" rel=\"noopener noreferrer\">L&rsquo;\u00e9tudiant d\u00e9cembre 2018 &#8211; La pr\u00e9pa ATS : un tremplin pour les BTS et DUT qui visent une \u00e9cole d&rsquo;ing\u00e9nieurs<\/a><\/li>\n<li><a href=\"https:\/\/cpge.lyceelivet.net\/WPATS\/?page_id=828\" target=\"_self\" rel=\"noopener noreferrer\">Le Monde du 16 f\u00e9vrier 2016 &#8211; ATS, une pr\u00e9pa sur mesure pour faire une grande \u00e9cole d\u2019ing\u00e9nieur apr\u00e8s un BTS ou un DUT<\/a><\/li>\n<li><a href=\"https:\/\/cpge.lyceelivet.net\/WPATS\/?page_id=769\" target=\"_self\" rel=\"noopener noreferrer\">Ouest France du 23 janviers 2015 &#8211; Classes Pr\u00e9paratoires, t\u00e9moignages<\/a><\/li>\n<li><a href=\"https:\/\/cpge.lyceelivet.net\/WPATS\/?page_id=559\" target=\"_self\" rel=\"noopener noreferrer\">Presse Oc\u00e9an 29 mars 2012 &#8211; Livet pr\u00e9pare l&rsquo;acc\u00e8s aux \u00e9coles d&rsquo;ing\u00e9nieurs<\/a><\/li>\n<li><a href=\"https:\/\/cpge.lyceelivet.net\/WPATS\/?page_id=565\" target=\"_self\" rel=\"noopener noreferrer\">Ouest France du 21 mars 2012 &#8211; Le lyc\u00e9e Livet organise une table ronde sur une classe passerelle entre BTS ou DUT et les \u00e9coles d\u2019ing\u00e9nieurs<\/a><\/li>\n<li><a href=\"https:\/\/cpge.lyceelivet.net\/WPATS\/?page_id=367\">Ouest France du 8 f\u00e9vrier 2011 &#8211; Julien et Anthony ont opt\u00e9 pour une pr\u00e9pa avant le bac + 5<\/a><\/li>\n<li><a href=\"https:\/\/cpge.lyceelivet.net\/WPATS\/?page_id=259\" target=\"_self\" rel=\"noopener noreferrer\">Ouest france du 9 f\u00e9vrier 2010 &#8211; Ils ont d\u00e9cid\u00e9 de poursuivre leurs \u00e9tudes<\/a><\/li>\n<li><a href=\"hhttps:\/\/cpge.lyceelivet.net\/WPATS\/?page_id=267\" target=\"_self\" rel=\"noopener noreferrer\">Ouest france de 18 octobre 2003 &#8211; Passerelle vers les \u00e9coles d&rsquo;ing\u00e9nieurs pour les BTS et DUT<\/a><\/li>\n<\/ul>\n<div>\n<p style=\"text-align: center;\"><a href=\"https:\/\/cpge.lyceelivet.net\/WPATS\/?page_id=137\"><img loading=\"lazy\" decoding=\"async\" class=\"alignnone size-full wp-image-455\" title=\"Pr\u00e9cedent\" src=\"https:\/\/cpge.lyceelivet.net\/WPATS\/wp-content\/uploads\/art_precedent.gif\" alt=\"\" width=\"27\" height=\"28\"><\/a><span style=\"color: #ffffff;\">&#8212;&#8211;<\/span><a href=\"https:\/\/cpge.lyceelivet.net\/WPATS\/?page_id=8\"><img loading=\"lazy\" decoding=\"async\" class=\"alignnone size-full wp-image-457\" title=\"Accueil\" src=\"https:\/\/cpge.lyceelivet.net\/WPATS\/wp-content\/uploads\/Petit-Logo.png\" alt=\"\" width=\"27\" height=\"27\"><\/a><span style=\"color: #ffffff;\">&#8212;&#8211;<\/span><a href=\"https:\/\/cpge.lyceelivet.net\/WPATS\/?page_id=959\"><img loading=\"lazy\" decoding=\"async\" class=\"alignnone size-full wp-image-454\" title=\"Suivant\" src=\"https:\/\/cpge.lyceelivet.net\/WPATS\/wp-content\/uploads\/art_suivant.gif\" alt=\"\" width=\"28\" height=\"28\"><\/a><\/p>\n<\/div>\n","protected":false},"excerpt":{"rendered":"<p>&nbsp; L&rsquo;\u00e9tudiant d\u00e9cembre 2018 &#8211; La pr\u00e9pa ATS : un tremplin pour les BTS et DUT qui visent une \u00e9cole d&rsquo;ing\u00e9nieurs Le Monde du 16 f\u00e9vrier 2016 &#8211; ATS, une pr\u00e9pa sur mesure pour faire une grande \u00e9cole d\u2019ing\u00e9nieur apr\u00e8s &hellip; <a href=\"https:\/\/cpge.lyceelivet.net\/WPATS\/?page_id=250\">Continuer la lecture <span class=\"meta-nav\">&rarr;<\/span><\/a><\/p>\n","protected":false},"author":1,"featured_media":0,"parent":0,"menu_order":11,"comment_status":"closed","ping_status":"open","template":"","meta":{"footnotes":""},"class_list":["post-250","page","type-page","status-publish","hentry"],"_links":{"self":[{"href":"https:\/\/cpge.lyceelivet.net\/WPATS\/index.php?rest_route=\/wp\/v2\/pages\/250","targetHints":{"allow":["GET"]}}],"collection":[{"href":"https:\/\/cpge.lyceelivet.net\/WPATS\/index.php?rest_route=\/wp\/v2\/pages"}],"about":[{"href":"https:\/\/cpge.lyceelivet.net\/WPATS\/index.php?rest_route=\/wp\/v2\/types\/page"}],"author":[{"embeddable":true,"href":"https:\/\/cpge.lyceelivet.net\/WPATS\/index.php?rest_route=\/wp\/v2\/users\/1"}],"replies":[{"embeddable":true,"href":"https:\/\/cpge.lyceelivet.net\/WPATS\/index.php?rest_route=%2Fwp%2Fv2%2Fcomments&post=250"}],"version-history":[{"count":28,"href":"https:\/\/cpge.lyceelivet.net\/WPATS\/index.php?rest_route=\/wp\/v2\/pages\/250\/revisions"}],"predecessor-version":[{"id":1298,"href":"https:\/\/cpge.lyceelivet.net\/WPATS\/index.php?rest_route=\/wp\/v2\/pages\/250\/revisions\/1298"}],"wp:attachment":[{"href":"https:\/\/cpge.lyceelivet.net\/WPATS\/index.php?rest_route=%2Fwp%2Fv2%2Fmedia&parent=250"}],"curies":[{"name":"wp","href":"https:\/\/api.w.org\/{rel}","templated":true}]}}