{"id":137,"date":"2025-03-25T12:42:22","date_gmt":"2025-03-25T11:42:22","guid":{"rendered":"http:\/\/livet.cpge.free.fr\/WATS\/?page_id=137"},"modified":"2025-03-27T11:45:22","modified_gmt":"2025-03-27T10:45:22","slug":"nos-etudiants","status":"publish","type":"page","link":"https:\/\/cpge.lyceelivet.net\/WPATS\/?page_id=137","title":{"rendered":"Nos \u00e9tudiants"},"content":{"rendered":"<p>Nos \u00e9tudiants viennent pour l&rsquo;essentiel de la r\u00e9gion des Pays de la Loire, mais \u00e9galement de Bretagne, et parfois de plus loin..<\/p>\n<p>Les \u00e9tudiants de l&rsquo;ATS du lyc\u00e9e LIVET sont titulaires des <strong>BUT suivants<\/strong> :<\/p>\n<table border=\"0\" width=\"500\">\n<tbody>\n<tr>\n<td width=\"22%\"><span style=\"color: #ff6600;\"><strong>GEII<\/strong><br \/>\n<strong>GMP<\/strong><br \/>\n<strong>MP<\/strong><br \/>\n<span style=\"color: #ff6600;\"><strong>GTE<\/strong><br \/>\n<strong>SGM<\/strong><\/span><br \/>\n<strong>QLIO<br \/>\nGCCD<\/strong><br \/>\n<strong>GIM<\/strong><br \/>\n<strong>SRC<br \/>\n&#8230;<\/strong><\/span><\/td>\n<td width=\"78%\">G\u00e9nie \u00c9lectrique et Informatique Industrielle<br \/>\n<span style=\"color: #000000; line-height: 24px;\">G\u00e9nie M\u00e9canique et Productique<\/span><br \/>\nMesures Physiques<br \/>\nG\u00e9nie Thermique et \u00c9nergie<br \/>\nScience et G\u00e9nie de Mat\u00e9riaux<br \/>\nQualit\u00e9, Logistique Industrielle et Organisation<br \/>\nG\u00e9nie civil d\u00e9veloppement durable<br \/>\nG\u00e9nie Industriel et Maintenance<br \/>\nServices et R\u00e9seaux de Communication<br \/>\n&#8230;<\/td>\n<\/tr>\n<\/tbody>\n<\/table>\n<p>Ou des <strong>BTS suivants<\/strong> :<\/p>\n<table border=\"0\" width=\"500\">\n<tbody>\n<tr>\n<td width=\"22%\"><span style=\"color: #ff6600;\"><strong>MCI<br \/>\n<\/strong><\/span><strong style=\"font-size: inherit; font-family: inherit; color: #ff6600;\">ET<br \/>\n<\/strong><strong style=\"color: #ff6600; font-size: inherit; font-family: inherit;\">SN<br \/>\n<\/strong><strong style=\"color: #ff6600; font-size: inherit; font-family: inherit;\"><strong style=\"color: #ff6600; font-size: inherit; font-family: inherit;\">MGTMN<\/strong><\/strong><strong style=\"color: #ff6600; font-size: inherit; font-family: inherit;\">CPI<br \/>\n<\/strong><strong style=\"color: #ff6600; font-size: inherit; font-family: inherit;\">FED<br \/>\n<\/strong><strong style=\"color: #ff6600; font-size: inherit; font-family: inherit;\">PM<br \/>\n<\/strong><span style=\"color: #ff6600;\"><strong style=\"font-size: inherit; font-family: inherit;\">CRSA<br \/>\n<\/strong><strong style=\"font-size: inherit; font-family: inherit;\">AVA<br \/>\n<\/strong><\/span><strong style=\"color: #ff6600; font-size: inherit; font-family: inherit;\"><span style=\"color: #ff6600;\">CIM<\/span><br \/>\n<\/strong><strong style=\"color: #ff6600; font-size: inherit; font-family: inherit;\">CIG<br \/>\n<\/strong><strong style=\"color: #ff6600; font-size: inherit; font-family: inherit;\">ERO<br \/>\n<\/strong><strong style=\"color: #ff6600; font-size: inherit; font-family: inherit;\">CICN<br \/>\n<\/strong><strong style=\"color: #ff6600; font-size: inherit; font-family: inherit;\">TP<br \/>\n<\/strong><strong style=\"color: #ff6600; font-size: inherit; font-family: inherit;\">BAT<br \/>\n<\/strong><strong style=\"color: #ff6600; font-size: inherit; font-family: inherit;\">AMCR<br \/>\n<\/strong><strong style=\"color: #ff6600; font-size: inherit; font-family: inherit;\">A\u00e9ro<br \/>\n<\/strong><strong style=\"color: #ff6600; font-size: inherit; font-family: inherit;\">ATI<br \/>\n<\/strong><strong style=\"color: #ff6600; font-size: inherit; font-family: inherit;\">CIRA<br \/>\n<\/strong><strong style=\"color: #ff6600; font-size: inherit; font-family: inherit;\">CPRP<br \/>\n<\/strong><strong style=\"color: #ff6600; font-size: inherit; font-family: inherit;\">MS<br \/>\n<\/strong><strong style=\"color: #ff6600; font-size: inherit; font-family: inherit;\">SCBH<br \/>\n<\/strong><strong style=\"color: #ff6600; font-size: inherit; font-family: inherit;\">DRB<br \/>\n<\/strong><strong style=\"color: #ff6600; font-size: inherit; font-family: inherit;\">EEC<br \/>\n&#8230;<\/strong><\/td>\n<td width=\"78%\">Moteurs \u00e0 Combustion Interne<br \/>\n\u00c9lectrotechnique<br \/>\nSyst\u00e8mes num\u00e9riques<br \/>\nM\u00e9tiers du g\u00e9om\u00e8tre-topographe et de la mod\u00e9lisation num\u00e9rique<br \/>\nConception de Produits Industriels<br \/>\nFluides \u00c9nergies Domotique<br \/>\nProductique M\u00e9canique<br \/>\nConception et R\u00e9alisation de Syst\u00e8mes Automatiques<br \/>\nApr\u00e8s-Vente Automobile<br \/>\nConception et Industrialisation en Microtechniques<br \/>\nCommunication et Industries Graphiques<br \/>\n\u00c9tude et r\u00e9alisation d&rsquo;outillages<br \/>\nConception et industrialisation en\u00a0construction navale<br \/>\nTravaux publics<br \/>\nB\u00e2timent<br \/>\nArchitectures en m\u00e9tal : conception et r\u00e9alisation<br \/>\nA\u00e9ronautique<br \/>\nAssistance Technique d\u2019Ing\u00e9nieur<br \/>\nContr\u00f4le informatique et r\u00e9gulation automatique<br \/>\nConception des Processus de R\u00e9alisation de Produits<br \/>\nMaintenance des Syst\u00e8mes<br \/>\nSyst\u00e8mes Constructifs Bois Habitat<br \/>\nD\u00e9veloppement et R\u00e9alisation Bois<br \/>\n\u00c9tude et \u00c9conomie de la Construction<br \/>\n&#8230;<\/td>\n<\/tr>\n<\/tbody>\n<\/table>\n<div>\n<p style=\"text-align: center;\"><a href=\"https:\/\/cpge.lyceelivet.net\/WPATS\/?page_id=97\"><img loading=\"lazy\" decoding=\"async\" class=\"alignnone size-full wp-image-455\" title=\"Pr\u00e9cedent\" src=\"https:\/\/cpge.lyceelivet.net\/WPATS\/wp-content\/uploads\/art_precedent.gif\" alt=\"\" width=\"27\" height=\"28\" \/><\/a><span style=\"color: #ffffff;\">&#8212;&#8211;<\/span><a href=\"https:\/\/cpge.lyceelivet.net\/WPATS\/\"><img loading=\"lazy\" decoding=\"async\" class=\"alignnone wp-image-457 size-full\" title=\"Accueil\" src=\"https:\/\/cpge.lyceelivet.net\/WPATS\/wp-content\/uploads\/Petit-Logo.png\" alt=\"\" width=\"27\" height=\"27\" \/><\/a><span style=\"color: #ffffff;\">&#8212;&#8211;<\/span><a href=\"https:\/\/cpge.lyceelivet.net\/WPATS\/?page_id=250\"><img loading=\"lazy\" decoding=\"async\" class=\"alignnone size-full wp-image-454\" title=\"Suivant\" src=\"https:\/\/cpge.lyceelivet.net\/WPATS\/wp-content\/uploads\/art_suivant.gif\" alt=\"\" width=\"28\" height=\"28\" \/><\/a><\/p>\n<\/div>\n","protected":false},"excerpt":{"rendered":"<p>Nos \u00e9tudiants viennent pour l&rsquo;essentiel de la r\u00e9gion des Pays de la Loire, mais \u00e9galement de Bretagne, et parfois de plus loin.. Les \u00e9tudiants de l&rsquo;ATS du lyc\u00e9e LIVET sont titulaires des BUT suivants : GEII GMP MP GTE SGM &hellip; <a href=\"https:\/\/cpge.lyceelivet.net\/WPATS\/?page_id=137\">Continuer la lecture <span class=\"meta-nav\">&rarr;<\/span><\/a><\/p>\n","protected":false},"author":1,"featured_media":0,"parent":0,"menu_order":10,"comment_status":"closed","ping_status":"open","template":"","meta":{"footnotes":""},"class_list":["post-137","page","type-page","status-publish","hentry"],"_links":{"self":[{"href":"https:\/\/cpge.lyceelivet.net\/WPATS\/index.php?rest_route=\/wp\/v2\/pages\/137","targetHints":{"allow":["GET"]}}],"collection":[{"href":"https:\/\/cpge.lyceelivet.net\/WPATS\/index.php?rest_route=\/wp\/v2\/pages"}],"about":[{"href":"https:\/\/cpge.lyceelivet.net\/WPATS\/index.php?rest_route=\/wp\/v2\/types\/page"}],"author":[{"embeddable":true,"href":"https:\/\/cpge.lyceelivet.net\/WPATS\/index.php?rest_route=\/wp\/v2\/users\/1"}],"replies":[{"embeddable":true,"href":"https:\/\/cpge.lyceelivet.net\/WPATS\/index.php?rest_route=%2Fwp%2Fv2%2Fcomments&post=137"}],"version-history":[{"count":53,"href":"https:\/\/cpge.lyceelivet.net\/WPATS\/index.php?rest_route=\/wp\/v2\/pages\/137\/revisions"}],"predecessor-version":[{"id":1296,"href":"https:\/\/cpge.lyceelivet.net\/WPATS\/index.php?rest_route=\/wp\/v2\/pages\/137\/revisions\/1296"}],"wp:attachment":[{"href":"https:\/\/cpge.lyceelivet.net\/WPATS\/index.php?rest_route=%2Fwp%2Fv2%2Fmedia&parent=137"}],"curies":[{"name":"wp","href":"https:\/\/api.w.org\/{rel}","templated":true}]}}