{"id":126,"date":"2025-03-25T12:44:57","date_gmt":"2025-03-25T11:44:57","guid":{"rendered":"http:\/\/livet.cpge.free.fr\/WATS\/?page_id=126"},"modified":"2025-03-27T11:49:36","modified_gmt":"2025-03-27T10:49:36","slug":"liens","status":"publish","type":"page","link":"https:\/\/cpge.lyceelivet.net\/WPATS\/?page_id=126","title":{"rendered":"Liens"},"content":{"rendered":"<p><a href=\"http:\/\/concours.ensea.fr\/portail\/ats.html\" target=\"_blank\" rel=\"noopener noreferrer\">Concours ATS<\/a><\/p>\n<p>Les \u00e9coles du concours ATS :<br \/>\n(liste des \u00e9coles non exhaustive et pas forc\u00e9ment \u00e0 jour !)<\/p>\n<table border=\"0\">\n<tbody>\n<tr>\n<td><span style=\"color: #ff6600;\"><strong>ENSEA <\/strong><br \/>\n<strong>Centrale Lille <\/strong><br \/>\n<strong>Centrale Marseille <\/strong><br \/>\n<strong>Centrale Nantes <\/strong><br \/>\n<strong>Arts&amp;M\u00e9tiers_ParisTech<\/strong><br \/>\n<strong>ENSMA groupe ISAE <\/strong><br \/>\n<strong>ISAT <\/strong><br \/>\n<strong>ESIREM <\/strong><br \/>\n<strong>EIGSI <\/strong><br \/>\n<strong>ECAM Rennes <\/strong><br \/>\n<strong>ECAM_Strasbourg_Europe <\/strong><br \/>\n<strong>ESIGELEC <\/strong><br \/>\n<strong>ESTP<\/strong><br \/>\n<strong>ESTIA <\/strong><br \/>\n<strong>ESIEA Paris-Ouest <\/strong><br \/>\n<strong>EPMI <\/strong><br \/>\n<strong>Mines Al\u00e8s<\/strong><br \/>\n<strong>EIL C\u00f4te d\u2019Opale <\/strong><br \/>\n<strong>EI-ISPA <\/strong><br \/>\n<strong>Mines Douai<\/strong><br \/>\n<strong>R\u00e9seau POLYTECH <\/strong><br \/>\n<strong>ENSSAT <\/strong><br \/>\n<strong>ENSISA <\/strong><br \/>\n<strong>ENSAIT<\/strong><br \/>\n<strong>ESIX Normandie <\/strong><br \/>\n<strong>IFMA<\/strong><br \/>\n<strong>T\u00e9l\u00e9com SudParis<br \/>\n\u00c9cole Sup\u00e9rieure du Bois <\/strong><\/span><\/td>\n<td><a href=\"http:\/\/www.ensea.fr\/\" target=\"_blank\" rel=\"noopener noreferrer\">www.ensea.fr<\/a><br \/>\n<a href=\"http:\/\/www.ec-lille.fr\" target=\"_blank\" rel=\"noopener noreferrer\">www.ec-lille.fr<\/a><br \/>\n<a href=\"http:\/\/www.centrale-marseille.fr\" target=\"_blank\" rel=\"noopener noreferrer\">www.centrale-marseille.fr<\/a><br \/>\n<a href=\"http:\/\/www.ec-nantes \" target=\"_blank\" rel=\"noopener noreferrer\">www.ec-nantes.fr<\/a><br \/>\n<a href=\"http:\/\/www.ensam.fr\" target=\"_blank\" rel=\"noopener noreferrer\">www.ensam.fr<\/a><br \/>\n<a href=\"http:\/\/www.ensma.fr\" target=\"_blank\" rel=\"noopener noreferrer\">www.ensma.fr<\/a><br \/>\n<a href=\"http:\/\/www.isat.fr\" target=\"_blank\" rel=\"noopener noreferrer\">www.isat.fr<\/a><br \/>\n<a href=\"http:\/\/www.u-bourgogne.fr\" target=\"_blank\" rel=\"noopener noreferrer\">www.u-bourgogne.fr\/ESIREM<\/a><br \/>\n<a href=\"http:\/\/www.eigsi.fr\" target=\"_blank\" rel=\"noopener noreferrer\">www.eigsi.fr<\/a><br \/>\n<a href=\"http:\/\/www.ecam- rennes.fr\" target=\"_blank\" rel=\"noopener noreferrer\">www.www.ecam-rennes.fr<\/a><br \/>\n<a href=\"http:\/\/www.ecam-strasbourg.eu \" target=\"_blank\" rel=\"noopener noreferrer\">www.ecam-strasbourg.eu <\/a><br \/>\n<a href=\"http:\/\/www.esigelec.fr\" target=\"_blank\" rel=\"noopener noreferrer\">www.esigelec.fr<\/a><br \/>\n<a href=\"http:\/\/www.estp.fr\" target=\"_blank\" rel=\"noopener noreferrer\">www.estp.fr<\/a><br \/>\n<a href=\"http:\/\/www.estia.fr\" target=\"_blank\" rel=\"noopener noreferrer\">www.estia.fr\/<\/a><br \/>\n<a href=\"http:\/\/www.esiea.fr\" target=\"_blank\" rel=\"noopener noreferrer\">www.esiea.fr<\/a><br \/>\n<a href=\"http:\/\/www.epmi.fr\" target=\"_blank\" rel=\"noopener noreferrer\">www.epmi.fr<\/a><br \/>\n<a href=\"http:\/\/www.mines-ales.fr\" target=\"_blank\" rel=\"noopener noreferrer\">www.mines-ales.fr<\/a><br \/>\n<a href=\"http:\/\/www.eilco-ulco.fr\" target=\"_blank\" rel=\"noopener noreferrer\">www.eilco-ulco.fr<\/a><br \/>\n<a href=\"http:\/\/www.ispa.asso.fr\" target=\"_blank\" rel=\"noopener noreferrer\">www.ispa.asso.fr<\/a><br \/>\n<a href=\"http:\/\/www.mines-douai.fr\" target=\"_blank\" rel=\"noopener noreferrer\">www.mines-douai.fr<\/a><br \/>\n<a href=\"http:\/\/polytech-reseau.org\" target=\"_blank\" rel=\"noopener noreferrer\">polytech-reseau.org<\/a><br \/>\n<a href=\"http:\/\/www.enssat.fr\" target=\"_blank\" rel=\"noopener noreferrer\">www.enssat.fr<\/a><br \/>\n<a href=\"http:\/\/www.ensisa.fr\" target=\"_blank\" rel=\"noopener noreferrer\">www.ensisa.fr<\/a><br \/>\n<a href=\"http:\/\/www.ensait.fr\" target=\"_blank\" rel=\"noopener noreferrer\">www.ensait.fr<\/a><br \/>\n<a href=\"http:\/\/www.unicaen.fr\" target=\"_blank\" rel=\"noopener noreferrer\">www.unicaen.fr<\/a><br \/>\n<a href=\"http:\/\/www.ifma.fr\" target=\"_blank\" rel=\"noopener noreferrer\">www.ifma.fr<\/a><br \/>\n<a href=\"http:\/\/www.telecomint.eu\" target=\"_blank\" rel=\"noopener noreferrer\">www.telecomint.eu<\/a><br \/>\n<a href=\"https:\/\/www.esb-campus.fr\/esb-ecole-superieure-bois\/\">https:\/\/www.esb-campus.fr\/esb-ecole-superieure-bois\/<\/a><\/td>\n<\/tr>\n<\/tbody>\n<\/table>\n<p>Exemples d&rsquo;\u00e9coles ouvertes aux ATS ne recrutant pas sur le concours commun :<\/p>\n<table border=\"0\">\n<tbody>\n<tr>\n<td><span style=\"color: #ff6600;\"><strong> ENS Cachan<\/strong><br \/>\n<strong> ENAC, ICNA<\/strong><br \/>\n<strong>EIVP<\/strong><strong>\u00a0<\/strong><br \/>\n<strong>ENSTIB<\/strong><br \/>\n<strong>ESGT <\/strong><br \/>\n<strong>ISEN Brest <\/strong><br \/>\n<strong>SUPMECA <\/strong><br \/>\n<strong>INSA <\/strong><br \/>\n<strong>UT Compi\u00e8gne <\/strong><br \/>\n<strong>UT Troyes <\/strong><br \/>\n<strong>UT Belfort-Montb\u00e9liard <\/strong><br \/>\n<strong>ENSMM Besan\u00e7on<\/strong><br \/>\n<strong>ENSTA Bretagne <\/strong><br \/>\n<strong>ENSIBS <\/strong><br \/>\n<strong>ESEO <\/strong><br \/>\n<strong>ENSEEIHT<\/strong><br \/>\n<strong>ENSEIRB-MATMECA <\/strong><br \/>\n<strong>ITII Pays de la Loire <\/strong><br \/>\n<strong>CESI <\/strong><br \/>\n<strong>ITII<br \/>\n<\/strong>&#8230;<\/span><\/td>\n<td><a href=\"http:\/\/www.ens-cachan.fr\/\" target=\"_blank\" rel=\"noopener noreferrer\">www.ens-cachan.fr<\/a><br \/>\n<a href=\"http:\/\/www.enac.fr\" target=\"_blank\" rel=\"noopener noreferrer\">www.enac.fr<\/a><br \/>\n<a href=\"http:\/\/www.ecam-rennes.fr\" target=\"_blank\" rel=\"noopener noreferrer\">www.eivp-paris.fr<\/a><br \/>\n<a href=\"http:\/\/www.enstib.uhp-nancy.fr\" target=\"_blank\" rel=\"noopener noreferrer\">www.enstib.uhp-nancy.fr<\/a><br \/>\n<a href=\"http:\/\/www.esgt.cnam.fr\" target=\"_blank\" rel=\"noopener noreferrer\">www.esgt.cnam.fr<\/a><br \/>\n<a href=\"http:\/\/www.isen.fr\/brest.asp\" target=\"_blank\" rel=\"noopener noreferrer\">www.isen.fr\/brest.asp<\/a><br \/>\n<a href=\"http:\/\/www.supmeca.fr\" target=\"_blank\" rel=\"noopener noreferrer\">www.supmeca.fr <\/a><br \/>\n<a href=\"http:\/\/www.insa-france.fr\" target=\"_blank\" rel=\"noopener noreferrer\">www.insa-france.fr<\/a><br \/>\n<a href=\"http:\/\/www.utc.fr\" target=\"_blank\" rel=\"noopener noreferrer\">www.utc.fr<br \/>\n<\/a><a href=\"http:\/\/www.utt.fr\" target=\"_blank\" rel=\"noopener noreferrer\">www.utt.fr<\/a><br \/>\n<a href=\"http:\/\/www.utbm.fr\" target=\"_blank\" rel=\"noopener noreferrer\">www.utbm.fr<\/a><br \/>\n<a href=\"http:\/\/www.ens2m.fr\" target=\"_blank\" rel=\"noopener noreferrer\">www.ens2m.fr<\/a><br \/>\n<a href=\"http:\/\/www.eigsi.fr\" target=\"_blank\" rel=\"noopener noreferrer\">www.ensta-bretagne.fr\/<\/a><br \/>\n<a href=\"http:\/\/www-ensibs.univ-ubs.fr\" target=\"_blank\" rel=\"noopener noreferrer\">www-ensibs.univ-ubs.fr<\/a><br \/>\n<a href=\"http:\/\/www.eseo.fr\" target=\"_blank\" rel=\"noopener noreferrer\">www.eseo.fr<\/a><br \/>\n<a href=\"http:\/\/www.enseeiht.fr\" target=\"_blank\" rel=\"noopener noreferrer\">www.enseeiht.fr<\/a><br \/>\n<a href=\"http:\/\/www.enseirb-matmeca.fr\" target=\"_blank\" rel=\"noopener noreferrer\">www.enseirb-matmeca.fr<\/a><br \/>\n<a href=\"http:\/\/www.itii-pdl.com\" target=\"_blank\" rel=\"noopener noreferrer\">www.itii-pdl.com<\/a><br \/>\n<a href=\"http:\/\/www.cefipa.asso.fr\" target=\"_blank\" rel=\"noopener noreferrer\">www.cesi.fr<\/a><br \/>\n<a href=\"http:\/\/ist.groupe-icam.fr\" target=\"_blank\" rel=\"noopener noreferrer\">itii.fr<\/a><br \/>\n&#8230;<\/td>\n<\/tr>\n<\/tbody>\n<\/table>\n<p>Liens divers :<br \/>\n<a href=\"http:\/\/www.prepas.org\" target=\"_blank\" rel=\"noopener noreferrer\">Union des Professeurs de Sp\u00e9ciales (UPS)<\/a><\/p>\n<div>\n<p style=\"text-align: center;\"><a href=\"https:\/\/cpge.lyceelivet.net\/WPATS\/?page_id=959\"><img loading=\"lazy\" decoding=\"async\" class=\"alignnone size-full wp-image-455\" title=\"Pr\u00e9cedent\" src=\"https:\/\/cpge.lyceelivet.net\/WPATS\/wp-content\/uploads\/art_precedent.gif\" alt=\"\" width=\"27\" height=\"28\" \/><\/a><span style=\"color: #ffffff;\">&#8212;&#8211;<\/span><a href=\"https:\/\/cpge.lyceelivet.net\/WPATS\/\"><img loading=\"lazy\" decoding=\"async\" class=\"alignnone wp-image-457 size-full\" title=\"Accueil\" src=\"https:\/\/cpge.lyceelivet.net\/WPATS\/wp-content\/uploads\/Petit-Logo.png\" alt=\"\" width=\"27\" height=\"27\" \/><\/a><span style=\"color: #ffffff;\">&#8212;&#8211;<\/span><a href=\"https:\/\/cpge.lyceelivet.net\/WPATS\/?page_id=8\"><img loading=\"lazy\" decoding=\"async\" class=\"alignnone size-full wp-image-454\" title=\"Suivant\" src=\"https:\/\/cpge.lyceelivet.net\/WPATS\/wp-content\/uploads\/art_suivant.gif\" alt=\"\" width=\"28\" height=\"28\" \/><\/a><\/p>\n<\/div>\n","protected":false},"excerpt":{"rendered":"<p>Concours ATS Les \u00e9coles du concours ATS : (liste des \u00e9coles non exhaustive et pas forc\u00e9ment \u00e0 jour !) ENSEA Centrale Lille Centrale Marseille Centrale Nantes Arts&amp;M\u00e9tiers_ParisTech ENSMA groupe ISAE ISAT ESIREM EIGSI ECAM Rennes ECAM_Strasbourg_Europe ESIGELEC ESTP ESTIA ESIEA &hellip; <a href=\"https:\/\/cpge.lyceelivet.net\/WPATS\/?page_id=126\">Continuer la lecture <span class=\"meta-nav\">&rarr;<\/span><\/a><\/p>\n","protected":false},"author":1,"featured_media":0,"parent":0,"menu_order":13,"comment_status":"closed","ping_status":"open","template":"","meta":{"footnotes":""},"class_list":["post-126","page","type-page","status-publish","hentry"],"_links":{"self":[{"href":"https:\/\/cpge.lyceelivet.net\/WPATS\/index.php?rest_route=\/wp\/v2\/pages\/126","targetHints":{"allow":["GET"]}}],"collection":[{"href":"https:\/\/cpge.lyceelivet.net\/WPATS\/index.php?rest_route=\/wp\/v2\/pages"}],"about":[{"href":"https:\/\/cpge.lyceelivet.net\/WPATS\/index.php?rest_route=\/wp\/v2\/types\/page"}],"author":[{"embeddable":true,"href":"https:\/\/cpge.lyceelivet.net\/WPATS\/index.php?rest_route=\/wp\/v2\/users\/1"}],"replies":[{"embeddable":true,"href":"https:\/\/cpge.lyceelivet.net\/WPATS\/index.php?rest_route=%2Fwp%2Fv2%2Fcomments&post=126"}],"version-history":[{"count":54,"href":"https:\/\/cpge.lyceelivet.net\/WPATS\/index.php?rest_route=\/wp\/v2\/pages\/126\/revisions"}],"predecessor-version":[{"id":1302,"href":"https:\/\/cpge.lyceelivet.net\/WPATS\/index.php?rest_route=\/wp\/v2\/pages\/126\/revisions\/1302"}],"wp:attachment":[{"href":"https:\/\/cpge.lyceelivet.net\/WPATS\/index.php?rest_route=%2Fwp%2Fv2%2Fmedia&parent=126"}],"curies":[{"name":"wp","href":"https:\/\/api.w.org\/{rel}","templated":true}]}}