{"id":106,"date":"2025-03-25T12:39:35","date_gmt":"2025-03-25T11:39:35","guid":{"rendered":"http:\/\/livet.cpge.free.fr\/WATS\/?page_id=106"},"modified":"2025-03-27T15:25:54","modified_gmt":"2025-03-27T14:25:54","slug":"vie-pratique","status":"publish","type":"page","link":"https:\/\/cpge.lyceelivet.net\/WPATS\/?page_id=106","title":{"rendered":"Le lyc\u00e9e"},"content":{"rendered":"<p><span style=\"color: #008080;\"><strong><span style=\"color: #000080;\">Lyc\u00e9e Livet<\/span><\/strong><\/span><br \/>\n<span style=\"color: #000000;\">16 rue Dufour<br \/>\n44 042 NANTES Cedex 01<br \/>\nTel : 02 51 81 23 23<\/span><br \/>\n<a href=\"mailto:ce.0440029T@ac-nantes.fr\">ce.0440029T@ac-nantes.fr<\/a><\/p>\n<p><a href=\"http:\/\/maps.google.fr\/maps?cid=2770943280725785133&amp;q=lyc%C3%A9e+livet+nantes&amp;ved=0CHMQ2wU&amp;ei=oBajTPajPMqTjAf6-9nnDQ&amp;gl=fr&amp;hl=fr&amp;ie=UTF8&amp;hq=lyc%C3%A9e+livet+nantes&amp;hnear=&amp;source=embed&amp;ll=47.226467,-1.543884&amp;spn=0.006295,0.006295&amp;iwloc=A\" target=\"_blank\" rel=\"noopener noreferrer\">Situer le Lyc\u00e9e (Google Maps)<br \/>\n<\/a><br \/>\n<strong><span style=\"color: #ff6600;\">Le<span style=\"color: #ff6600;\">s <\/span><\/span><span style=\"color: #ff6600;\">atouts du lyc\u00e9e<a href=\"https:\/\/cpge.lyceelivet.net\/WPATS\/wp-content\/uploads\/Lycee2.jpg\"><img loading=\"lazy\" decoding=\"async\" class=\"alignright size-medium wp-image-110\" title=\"Lycee2\" src=\"https:\/\/cpge.lyceelivet.net\/WPATS\/wp-content\/uploads\/Lycee2.jpg\" alt=\"\" width=\"300\" height=\"223\" \/><\/a><\/span><\/strong><\/p>\n<ul>\n<li style=\"text-align: justify;\">R\u00e9cemment r\u00e9nov\u00e9, le lyc\u00e9e est tr\u00e8s bien \u00e9quip\u00e9, en centre ville, \u00e0 10 minutes \u00e0 pied de la gare SNCF, desserte directe par les chronobus C1 &amp;<br \/>\nC6.<\/li>\n<li style=\"text-align: justify;\">L&rsquo;effectif de classe est limit\u00e9, autorisant un suivi tr\u00e8s personnalis\u00e9.<\/li>\n<li style=\"text-align: justify;\">Les enseignants sont disponibles pour permettre \u00e0 chacun de profiter au mieux de cette ann\u00e9e.<\/li>\n<\/ul>\n<p><span style=\"color: #ff6600;\"><strong><span style=\"color: #ff6600;\"><a href=\"https:\/\/cpge.lyceelivet.net\/WPATS\/wp-content\/uploads\/Lycee1.jpg\"><img loading=\"lazy\" decoding=\"async\" class=\"alignleft  wp-image-109\" title=\"Lycee1\" src=\"https:\/\/cpge.lyceelivet.net\/WPATS\/wp-content\/uploads\/Lycee1.jpg\" alt=\"\" width=\"390\" height=\"228\" \/><\/a>R\u00e9gime <\/span><span style=\"color: #ff6600;\">des \u00e9tudes<\/span><\/strong><\/span><\/p>\n<ul>\n<li style=\"text-align: justify;\">Frais d\u2019inscription \u00e0 l\u2019universit\u00e9 de Nantes, mais aucun frais suppl\u00e9mentaire pour la scolarit\u00e9 au lyc\u00e9e LIVET.<\/li>\n<li style=\"text-align: justify;\">Les \u00e9l\u00e8ves ont le statut d\u2019\u00e9tudiant.<\/li>\n<li style=\"text-align: justify;\">Cette section permet d\u2019obtenir une bourse d\u2019enseignement sup\u00e9rieur (sous condition de ressources).<\/li>\n<li style=\"text-align: justify;\">Les \u00e9tudiants ont acc\u00e8s \u00e0 l\u2019internat, \u00e0 la demi-pension du lyc\u00e9e et au Restaurant Universitaire.<\/li>\n<li style=\"text-align: justify;\">Les \u00e9tudiants de CPGE ont la possibilit\u00e9 de prendre tous leurs repas au Lyc\u00e9e.<\/li>\n<li>Les \u00e9tudiants ont acc\u00e8s \u00e0 l&rsquo;internat (Ferm\u00e9 le week-end).<\/li>\n<\/ul>\n<div>\n<p style=\"text-align: center;\"><a href=\"https:\/\/cpge.lyceelivet.net\/WPATS\/?page_id=305\"><img loading=\"lazy\" decoding=\"async\" class=\"alignnone size-full wp-image-455\" title=\"Pr\u00e9cedent\" src=\"https:\/\/cpge.lyceelivet.net\/WPATS\/wp-content\/uploads\/art_precedent.gif\" alt=\"\" width=\"27\" height=\"28\" \/><\/a><span style=\"color: #ffffff;\">&#8212;&#8211;<\/span><a href=\"https:\/\/cpge.lyceelivet.net\/WPATS\/\"><img loading=\"lazy\" decoding=\"async\" class=\"alignnone wp-image-457 size-full\" title=\"Accueil\" src=\"https:\/\/cpge.lyceelivet.net\/WPATS\/wp-content\/uploads\/Petit-Logo.png\" alt=\"\" width=\"27\" height=\"27\" \/><\/a><span style=\"color: #ffffff;\">&#8212;&#8211;<\/span><a href=\"https:\/\/cpge.lyceelivet.net\/WPATS\/?page_id=97\"><img loading=\"lazy\" decoding=\"async\" class=\"alignnone size-full wp-image-454\" title=\"Suivant\" src=\"https:\/\/cpge.lyceelivet.net\/WPATS\/wp-content\/uploads\/art_suivant.gif\" alt=\"\" width=\"28\" height=\"28\" \/><\/a><\/p>\n<\/div>\n","protected":false},"excerpt":{"rendered":"<p>Lyc\u00e9e Livet 16 rue Dufour 44 042 NANTES Cedex 01 Tel : 02 51 81 23 23 ce.0440029T@ac-nantes.fr Situer le Lyc\u00e9e (Google Maps) Les atouts du lyc\u00e9e R\u00e9cemment r\u00e9nov\u00e9, le lyc\u00e9e est tr\u00e8s bien \u00e9quip\u00e9, en centre ville, \u00e0 10 &hellip; <a href=\"https:\/\/cpge.lyceelivet.net\/WPATS\/?page_id=106\">Continuer la lecture <span class=\"meta-nav\">&rarr;<\/span><\/a><\/p>\n","protected":false},"author":1,"featured_media":0,"parent":0,"menu_order":6,"comment_status":"closed","ping_status":"open","template":"","meta":{"footnotes":""},"class_list":["post-106","page","type-page","status-publish","hentry"],"_links":{"self":[{"href":"https:\/\/cpge.lyceelivet.net\/WPATS\/index.php?rest_route=\/wp\/v2\/pages\/106","targetHints":{"allow":["GET"]}}],"collection":[{"href":"https:\/\/cpge.lyceelivet.net\/WPATS\/index.php?rest_route=\/wp\/v2\/pages"}],"about":[{"href":"https:\/\/cpge.lyceelivet.net\/WPATS\/index.php?rest_route=\/wp\/v2\/types\/page"}],"author":[{"embeddable":true,"href":"https:\/\/cpge.lyceelivet.net\/WPATS\/index.php?rest_route=\/wp\/v2\/users\/1"}],"replies":[{"embeddable":true,"href":"https:\/\/cpge.lyceelivet.net\/WPATS\/index.php?rest_route=%2Fwp%2Fv2%2Fcomments&post=106"}],"version-history":[{"count":70,"href":"https:\/\/cpge.lyceelivet.net\/WPATS\/index.php?rest_route=\/wp\/v2\/pages\/106\/revisions"}],"predecessor-version":[{"id":1314,"href":"https:\/\/cpge.lyceelivet.net\/WPATS\/index.php?rest_route=\/wp\/v2\/pages\/106\/revisions\/1314"}],"wp:attachment":[{"href":"https:\/\/cpge.lyceelivet.net\/WPATS\/index.php?rest_route=%2Fwp%2Fv2%2Fmedia&parent=106"}],"curies":[{"name":"wp","href":"https:\/\/api.w.org\/{rel}","templated":true}]}}